{"id":902,"date":"2014-07-01T15:42:06","date_gmt":"2014-07-01T13:42:06","guid":{"rendered":"http:\/\/build.gambylzoone.com\/?page_id=902"},"modified":"2014-07-05T10:27:35","modified_gmt":"2014-07-05T08:27:35","slug":"verpflegungsarten","status":"publish","type":"page","link":"http:\/\/gambylzoone.com\/?page_id=902","title":{"rendered":"Verpflegungsarten"},"content":{"rendered":"<p>Verpflegungsarten<\/p>\n<p><a href=\"http:\/\/build.gambylzoone.com\/wp-content\/uploads\/2014\/07\/cocktail.jpg\"><img loading=\"lazy\" class=\"alignleft size-full wp-image-860\" src=\"http:\/\/build.gambylzoone.com\/wp-content\/uploads\/2014\/07\/cocktail.jpg\" alt=\"cocktail\" width=\"150\" height=\"203\" \/><\/a><\/p>\n<p>Urlaubern stellt sich bei der Buchung meist die Frage nach der gew\u00fcnschten Verpflegung w\u00e4hrend des Aufenthalts: Halbpension oder doch lieber nur mit Fr\u00fchst\u00fcck, um abends landestypisch essen zu gehen!? Und auch hier begegnen sie uns &#8211; die Abk\u00fcrzungen der Verpflegungsarten. Welche Ank\u00fcrzung steht f\u00fcr welchen Verpflegungsbegriff und was umfasst All inclusive eigentlich? Votello.de erkl\u00e4rt die Abk\u00fcrzungen und gibt Tipps, in welcher Urlaubsdestination sich welche Verpflegung anbietet und auch rechnet.<\/p>\n<p><span style=\"text-decoration: underline;\">Hotel &#8222;garni&#8220;<\/span><br \/>\nHierunter sind Hotelbetriebe zu verstehen, die neben der Beherbergung nur Fr\u00fchst\u00fcck, Getr\u00e4nke und h\u00f6hstens kleine Speisen anbieten.<!--more--><\/p>\n<p><span style=\"text-decoration: underline;\">OV = Ohne Verpflegung<\/span><br \/>\nFerienh\u00e4user und Ferienwohnungen, aber ebenso auch Appartements und Bungalows werden in der Regel ohne Verpflegung angeboten und gebucht, d.h. w\u00e4hrend des Aufenthalts versorgen Sie sich selbst. Hierf\u00fcr steht in der FEWO, dem FH oder AP eine K\u00fcche oder Kochnische zur Verf\u00fcgung.<\/p>\n<p><span style=\"text-decoration: underline;\">\u00dc = nur \u00dcbernachtung<\/span><br \/>\nBei Hotels wird nur \u00dcbernachtung angeboten und ist im Grunde nur eine weitere Bezeichung f\u00fcr OV. Nur \u00dcbernachtung bedeutet, dass nur die reine \u00dcbernachtung ohne Verpflegungsleistung gebucht wird.<\/p>\n<p><span style=\"text-decoration: underline;\">\u00dcF = \u00dcbernachtung mit Fr\u00fchst\u00fcck<\/span><br \/>\nNeben der \u00dcbernachtsleistung erhalten Sie morgens ein Fr\u00fchst\u00fcck im Speisesaal oder Fr\u00fchst\u00fccksraum der Beherbergung.<\/p>\n<p>&gt;&gt; Typische Urlaubsdestinationen f\u00fcr \u00dcF: <a href=\"http:\/\/www.votello.de\/cgi-bin\/hotels\/page.cgi?g=Asien_und_S_dsee\/Thailand\/index.html&amp;d=1&amp;agent=29786&amp;h=1&amp;m=1\" target=\"_blank\">Thailand<\/a>, <a href=\"http:\/\/www.votello.de\/cgi-bin\/hotels\/page.cgi?g=Asien_und_S_dsee\/China\/index.html&amp;d=1&amp;agent=29786&amp;h=1&amp;m=1\" target=\"_blank\">China<\/a>, <a href=\"http:\/\/http:\/\/www.votello.de\/cgi-bin\/hotels\/page.cgi?g=Asien_und_S_dsee\/Bali\/index.html&amp;d=1&amp;agent=29786h=1&amp;m=1\" target=\"_blank\">Bali<\/a> und die <a href=\"http:\/\/http:\/\/www.votello.de\/cgi-bin\/hotels\/page.cgi?g=USA_und_Kanada\/USA\/index.html&amp;d=1&amp;agent=29786&amp;h=1&amp;m=1\" target=\"_blank\">USA<\/a>.<br \/>\nIn den asiatischen Feriengebieten bietet sich Ausw\u00e4rts essen gehen nicht nur auf Grund der sehr g\u00fcnstigen Preise an &#8211; auf diese Weise lernen Sie auch die landestypische K\u00fcche und kulinarische Highlights wie Kokossuppe und frisch zubereitetes Nasi Goreng kennen. USA-Urlauber bereisen das Land meist mit einem Mietwagen oder im Rahmen einer Rundreise. Da man hier in der Regel tags\u00fcber unterwegs ist und das Hotel t\u00e4glich wechselt, wird oft nur die \u00dcbernachtung gebucht, um morgens in den zahlreichen Coffee Shops zu fr\u00fchst\u00fccken. Urlauber bevorzugen entweder \u00dc oder \u00dcF, da sie so unabh\u00e4ngig sind und oft auch w\u00e4hrend der Fahrt f\u00fcr eine Mahlzeit einkehren k\u00f6nnen.<\/p>\n<p>&gt;&gt; Auch bei St\u00e4dtetrips oder Individualreisen wird das Hotel meist nur mit Fr\u00fchst\u00fcck gebucht, um abends Tapas, Tsatsiki &amp; Co probieren zu k\u00f6nnen und sich unter die Einheimischen zu mischen.<\/p>\n<p><a href=\"http:\/\/http:\/\/www.terracus.de\/tt\/index.php?mode=pauschal&amp;region=356&amp;agent=29786\" target=\"_blank\">Infos und aktuelle Angebote f\u00fcr Thailand<\/a><br \/>\n<a href=\"http:\/\/http:\/\/www.terracus.de\/tt\/index.php?mode=pauschal&amp;region=10017&amp;agent=29786\" target=\"_blank\">Infos und aktuelle Angebote f\u00fcr Asien<\/a><br \/>\n<a href=\"http:\/\/http:\/\/www.terracus.de\/tt\/index.php?mode=pauschal&amp;region=29&amp;agent=29786\" target=\"_blank\">Infos und aktuelle Angebote f\u00fcr Bali<\/a><br \/>\n<a href=\"http:\/\/http:\/\/www.terracus.de\/tt\/index.php?mode=pauschal&amp;region=10015&amp;agent=29786\" target=\"_blank\">Infos und aktuelle Angebote f\u00fcr die USA<\/a><\/p>\n<p><span style=\"text-decoration: underline;\">HP = Halbpension<\/span><br \/>\nHalbpension bieten neben Fr\u00fchst\u00fcck auch Abendessen, wobei die Getr\u00e4nke zum Abendessen exklusiv sind. Dabei werden die Speisen entweder als Buffet angeboten (Fr\u00fchst\u00fcck und Abendessen) oder das Abendessen als Men\u00fc gereicht.<br \/>\nTeilweise wird das Angebot der Hotels durch &#8222;Halbpension Plus&#8220; erweitert. Bei Halbpension Plus sind die Getr\u00e4nke (z.B. Tischwein, Wasser) zu den Mahlzeiten inklusive.<\/p>\n<p>&gt;&gt; Typische Urlaubsdestinationen f\u00fcr HP: <a href=\"http:\/\/http:\/\/www.votello.de\/cgi-bin\/hotels\/page.cgi?g=Osteuropa\/Kroatien\/index.html&amp;d=1&amp;agent=29786&amp;h=1&amp;m=1\" target=\"_blank\">Kroatien<\/a>, <a href=\"http:\/\/http:\/\/www.votello.de\/cgi-bin\/hotels\/page.cgi?g=Spanien\/index.html&amp;d=1&amp;agent=29786&amp;h=1&amp;m=1\" target=\"_blank\">Spanien<\/a> und <a href=\"http:\/\/http:\/\/www.votello.de\/cgi-bin\/hotels\/page.cgi?g=Spanien%2FBalearen\/Mallorca\/index.html&amp;d=1&amp;agent=29786&amp;h=1&amp;m=1\" target=\"_blank\">Mallorca<\/a>.<\/p>\n<p>In Kroatien, Spanien und auf Mallorca ist Halbpension als Verpflegungsart zu empfehlen, da All Inclusive-Angebote in den Hotels (noch) nicht so weit verbreitet sind, die touristische Infrastruktur mit ihren vielen Bars, Restaurants und Diskotheken aber weit mehr zu bieten hat als in der Karibik, so dass Urlauber auch die kulinarischen Gen\u00fcsse Spaniens und Kroatiens erleben k\u00f6nnen.<\/p>\n<p><a href=\"http:\/\/http:\/\/www.terracus.de\/tt\/index.php?mode=pauschal&amp;region=10030&amp;agent=29786\" target=\"_blank\">Infos und aktuelle Angebote f\u00fcr Kroatien<\/a><br \/>\n<a href=\"http:\/\/http:\/\/www.terracus.de\/tt\/index.php?mode=pauschal&amp;region=10003&amp;agent=29786\" target=\"_blank\">Infos und aktuelle Angebote f\u00fcr Spanien<\/a><br \/>\n<a href=\"http:\/\/http:\/\/www.terracus.de\/tt\/index.php?mode=pauschal&amp;region=205&amp;agent=29786\" target=\"_blank\">Infos und aktuelle Angebote f\u00fcr Mallorca<\/a><\/p>\n<p>&gt;&gt; Typische Urlaubsdestinationen f\u00fcr AI:<a href=\"http:\/\/http:\/\/www.votello.de\/cgi-bin\/hotels\/page.cgi?g=Karibik\/index.html&amp;d=1&amp;agent=29786&amp;h=1&amp;m=1\" target=\"_blank\"> Karibik<\/a> (Dom. Republik, Kuba, Mexiko), <a href=\"http:\/\/http:\/\/www.votello.de\/cgi-bin\/hotels\/page.cgi?g=_gypten\/index.html&amp;d=1&amp;agent=29786&amp;h=1&amp;m=1\" target=\"_blank\">\u00c4gypten<\/a>, <a href=\"http:\/\/http:\/\/www.votello.de\/cgi-bin\/hotels\/page.cgi?g=Tunesien\/index.html&amp;d=1&amp;agent=29786&amp;h=1&amp;m=1\" target=\"_blank\">Tunesien<\/a>, <a href=\"http:\/\/http:\/\/www.votello.de\/cgi-bin\/hotels\/page.cgi?g=Afrika\/Marokko\/index.html&amp;d=1&amp;agent=29786&amp;h=1&amp;m=1\" target=\"_blank\">Marokko<\/a> und die <a href=\"http:\/\/http:\/\/www.votello.de\/cgi-bin\/hotels\/page.cgi?g=T_rkei\/index.html&amp;d=1&amp;agent=29786&amp;h=1&amp;m=1\" target=\"_blank\">T\u00fcrkei<\/a>.<\/p>\n<p>In diesen Zielgebieten verbringen die Urlauber in der Regel reine Badeurlaube, d.h. sie halten sich meist in der Hotelanlage auf, die hierf\u00fcr umfangreiche Sport- und Freizeitm\u00f6glichkeiten sowie Animation und Unterhaltungsprogramme am Tag und Abend und auch Kinderbetreuung anbieten.<\/p>\n<p><a href=\"http:\/\/http:\/\/www.terracus.de\/tt\/index.php?mode=pauschal&amp;region=10014&amp;agent=29786\" target=\"_blank\">Infos und aktuelle Angebote f\u00fcr Karibik<\/a><br \/>\n<a href=\"http:\/\/http:\/\/www.terracus.de\/tt\/index.php?mode=pauschal&amp;region=10010&amp;agent=29786\" target=\"_blank\">Infos und aktuelle Angebote f\u00fcr \u00c4gypten<\/a><br \/>\n<a href=\"http:\/\/http:\/\/www.terracus.de\/tt\/index.php?mode=pauschal&amp;region=10008&amp;agent=29786\" target=\"_blank\">Infos und aktuelle Angebote f\u00fcr Tunesien\/Marokko<\/a><br \/>\n<a href=\"http:\/\/http:\/\/www.terracus.de\/tt\/index.php?mode=pauschal&amp;region=10004&amp;agent=29786\" target=\"_blank\">Infos und aktuelle Angebote f\u00fcr T\u00fcrkei<\/a><\/p>\n<p>&gt;&gt; Vollpension wird auf den meisten Kreuzfahrtschiffen angeboten. Hier sollte man jedoch darauf achten, ob auch Softdrinks oder weitere alkoholische\/nicht alkoholische Getr\u00e4nke &#8211; auch bei den Mahlzeiten &#8211; mit eingeschlossen sind bzw. welche Getr\u00e4nke extra zu bezahlen sind. Auch bei den Angeboten &#8222;Blaue Reise&#8220; (T\u00fcrkei) und auf den Nilkreuzfahrten ist Vollpension g\u00e4ngig.<br \/>\nIn einigen Hotels wird auch &#8222;Vollpension Plus&#8220; angeboten, d.h. hier sind die Getr\u00e4nke (z.B. Tischwein, Wasser) zu den Mahlzeiten inklusive.<\/p>\n<p><a href=\"http:\/\/http:\/\/www.terracus.de\/tt\/kreuzfahrt\/29786\/\">Infos und aktuelle Kreuzfahrtangebote<\/a><br \/>\n<a href=\"http:\/\/http:\/\/www.lmweb.net\/scripts\/lmplusi.dll?FORM=msk\/iframe9.htm&amp;CFG=888&amp;TV=3&amp;TB=60&amp;XV=0&amp;GO=1&amp;AGENT=29786&amp;XL=1&amp;ZIEL=F&amp;HOTEL=blaue+reise\" target=\"_blank\">Infos und aktuelle Angebote f\u00fcr &#8222;Blaue Reise&#8220;<\/a><br \/>\n<a href=\"http:\/\/http:\/\/www.lmweb.net\/scripts\/lmplusi.dll?FORM=msk\/iframe9.htm&amp;CFG=888&amp;TV=3&amp;TB=60&amp;XV=0&amp;GO=1&amp;AGENT=29786&amp;XL=1&amp;ZIEL=NIL\" target=\"_blank\">Infos und aktuelle Angebote f\u00fcr Nilkreuzfahrten<\/a><\/p>\n<p><span style=\"text-decoration: underline;\">AI = All Inclusive<\/span><br \/>\nAlles ist im Preis mit inbegriffen, d.h. die \u00dcbernachtung, alle Mahlzeiten und Snacks sowie Getr\u00e4nke. Es k\u00f6nnten aber zeitliche Beschr\u00e4nkungen bestehen, so z. B.: \u201eCocktails nur von 18:00 Uhr bis 19:00 Uhr!\u201c. Ebenso sind meist Wellness- und Kosmetikangebote nicht im All Inclusive-Paket inbegriffen. Hier ist es ratsam, die Informationen zum Hotel, zur Verpflegungsleistung genau zu lesen bzw. auf die im Katalog ausgeschriebenen Inklusivleistungen zu achten. Gleiches gilt f\u00fcr die weiteren Steigerungen von All Inclusive, n\u00e4mlich All Inclusive Ultra oder All Inclusive Max. Auch hier sollten Sie im Vorfeld genau nachlesen und sich informieren, welche Services eingeschlossen sind bzw. welche weiteren Vorteile Ihnen All Inclusive Ultra oder All Inclusive Max bieten (z.B. Aufhebung zeitlicher Begrenzungen bei Getr\u00e4nken oder inkludierte Sport-\/Wellnessangebote etc.).<\/p>\n<p><span style=\"text-decoration: underline;\">VP = Vollpension<\/span><br \/>\nWer Vollpension bucht, erh\u00e4lt die Leistungen \u00dcbernachtung, Fr\u00fchst\u00fcck, Mittag- und Abendessen.<\/p>\n","protected":false},"excerpt":{"rendered":"<p>Verpflegungsarten Urlaubern stellt sich bei der Buchung meist die Frage nach der gew\u00fcnschten Verpflegung w\u00e4hrend des Aufenthalts: Halbpension oder doch lieber nur mit Fr\u00fchst\u00fcck, um abends landestypisch essen zu gehen!? Und auch hier begegnen&#46;&#46;&#46;<\/p>\n","protected":false},"author":2,"featured_media":0,"parent":0,"menu_order":0,"comment_status":"open","ping_status":"open","template":"","meta":[],"_links":{"self":[{"href":"http:\/\/gambylzoone.com\/index.php?rest_route=\/wp\/v2\/pages\/902"}],"collection":[{"href":"http:\/\/gambylzoone.com\/index.php?rest_route=\/wp\/v2\/pages"}],"about":[{"href":"http:\/\/gambylzoone.com\/index.php?rest_route=\/wp\/v2\/types\/page"}],"author":[{"embeddable":true,"href":"http:\/\/gambylzoone.com\/index.php?rest_route=\/wp\/v2\/users\/2"}],"replies":[{"embeddable":true,"href":"http:\/\/gambylzoone.com\/index.php?rest_route=%2Fwp%2Fv2%2Fcomments&post=902"}],"version-history":[{"count":7,"href":"http:\/\/gambylzoone.com\/index.php?rest_route=\/wp\/v2\/pages\/902\/revisions"}],"predecessor-version":[{"id":998,"href":"http:\/\/gambylzoone.com\/index.php?rest_route=\/wp\/v2\/pages\/902\/revisions\/998"}],"wp:attachment":[{"href":"http:\/\/gambylzoone.com\/index.php?rest_route=%2Fwp%2Fv2%2Fmedia&parent=902"}],"curies":[{"name":"wp","href":"https:\/\/api.w.org\/{rel}","templated":true}]}}