{"id":844,"date":"2014-07-01T14:33:40","date_gmt":"2014-07-01T12:33:40","guid":{"rendered":"http:\/\/build.gambylzoone.com\/?page_id=844"},"modified":"2014-07-23T22:56:46","modified_gmt":"2014-07-23T20:56:46","slug":"hotelsterne","status":"publish","type":"page","link":"http:\/\/gambylzoone.com\/?page_id=844","title":{"rendered":"Hotelsterne"},"content":{"rendered":"<p>Was bedeuten Hotelsterne in Deutschland?<\/p>\n<p>Hotelsterne sind in Deutschland klar definiert. Der Deutsche Hotel- und Gastst\u00e4ttenverband (DEHOGA) definiert und vergibt die begehrten Sterne. Diese m\u00fcssen beantragt und dann vom DEHOGA genehmigt werden. Der &#8222;Haken&#8220; daran: Hoteliers k\u00f6nnen sich selber &#8222;eigene&#8220; Sterne vergeben. Wer die G\u00fcte eines Hotels im Voraus erfahren m\u00f6chte, sollte herausbekommen, ob die angegebenen Sterne auch wirklich vom DEHOGA vergeben wurden.<\/p>\n<p><img loading=\"lazy\" class=\"alignleft wp-image-853 size-full\" src=\"\/wp-content\/uploads\/2014\/07\/1stern.gif\" alt=\"1stern\" width=\"80\" height=\"80\" \/><br \/>\nDas 1 Sterne-Hotel soll einfache Anspr\u00fcche befriedigen. Es bietet allen G\u00e4sten ein Bad auf dem Zimmer. Die\u00a0Gr\u00f6\u00dfe eines Doppelzimmers betr\u00e4gt mindestens 12 Quadratmeter. Die R\u00e4ume werden t\u00e4glich ges\u00e4ubert. Ein Fernseher auf dem Zimmer bietet Zerstreuung. F\u00fcr das leibliche Wohl der G\u00e4ste ist durch ein Restaurant gesorgt.<!--more--><\/p>\n<p><img loading=\"lazy\" class=\"alignleft wp-image-854 size-full\" src=\"\/wp-content\/uploads\/2014\/07\/2stern.gif\" alt=\"2stern\" width=\"80\" height=\"80\" \/>Beim 2 Sterne-Hotel liegt die Zimmergr\u00f6\u00dfe f\u00fcr das Doppelzimmer bei mindestens 16 Quadratmetern. Pro Bett muss es eine Sitzgelegenheit geben. Beim Fr\u00fchst\u00fcck kann der Gast an einem Buffet w\u00e4hlen. Das Bett muss \u00fcber eine Nachttischlampe verf\u00fcgen. Eine Bezahlung per Karte ist m\u00f6glich.<\/p>\n<p><img loading=\"lazy\" class=\"alignleft wp-image-855 \" src=\"\/wp-content\/uploads\/2014\/07\/3stern.gif\" alt=\"3stern\" width=\"80\" height=\"80\" \/>Bei 3 Sternen muss es schon etwas mehr sein. Hier steht deutlich der Service-Gedanke im Vordergrund. Die Mitarbeiter des Hotels sollten zweisprachig sein. Ein Gep\u00e4ckservice ist ebenso selbstverst\u00e4ndlich wie ein Telefon und Getr\u00e4nke auf dem Zimmer. Das Doppelzimmer ist hier mindestens 18 Quadratmeter gro\u00df. Und das vielleicht Wichtigste: Ein straffes Beschwerdemanagement sichert die Qualit\u00e4t des Hotels.<\/p>\n<p><img loading=\"lazy\" class=\"alignleft wp-image-856 size-full\" src=\"\/wp-content\/uploads\/2014\/07\/4stern.gif\" alt=\"4stern\" width=\"80\" height=\"80\" \/>Das 4 Sterne-Hotel ist f\u00fcr G\u00e4ste mit hohen Anspr\u00fcchen wie geschaffen. Gesch\u00e4ftsleute finden im Hotel einen Internet-Anschluss. Beim Doppelzimmer m\u00fcssen es jetzt schon 22 Quadratmeter sein. Eine Minibar auf dem Zimmer stellt die gute Laune der G\u00e4ste sicher. Die Rezeption ist mindestens 18 Stunden am Tag besetzt und dar\u00fcber hinaus 24 Stunden am Tag erreichbar. Das Hotelpersonal befragt die G\u00e4ste konsequent nach Ihrer Zufriedenheit.<\/p>\n<p><img loading=\"lazy\" class=\"alignleft wp-image-857 size-full\" src=\"\/wp-content\/uploads\/2014\/07\/5stern.gif\" alt=\"5stern\" width=\"80\" height=\"80\" \/>5 Sterne sind der pure Luxus. Der Gast wird pers\u00f6nlich begr\u00fc\u00dft und erh\u00e4lt ein kleines Pr\u00e4sent. Qualit\u00e4tsmanagement wird gro\u00dfgeschrieben: &#8222;Mystery Men Checks&#8220;, also versteckte Qualit\u00e4tspr\u00fcfungen, sichern die hohe G\u00fcte des 5 Sterne Hotels. Rund um die Uhr kann sich der Gast Speisen und Getr\u00e4nke auf das Zimmer bringen lassen. Das Doppelzimmer hat hier mindestens 26 Quadratmeter. Die Rezeption ist 24 Stunden am Tag besetzt. Ein Safe im Zimmer sch\u00fctzt das private Eigentum der Hotelg\u00e4ste. Ein B\u00fcgel- und Schuhputzservice runden das Angebot ab!<\/p>\n<p>Weitere Informationen zum Thema Hotelsterne in Deutschland finden Sie unter:<a title=\"Hotelsterne\" href=\"http:\/\/www.hotelsterne.de\" target=\"_blank\"> www.hotelsterne.de<\/a><\/p>\n<p><span style=\"color: #000080;\">Was bedeuten die Sterne im Ausland?<\/span><br \/>\nF\u00fcr das Ausland gilt: Stern ist nicht gleich Stern! Jedes Urlaubsland hat seine eigenen Kriterien, nach denen es Hotelsterne vergibt. Aber auch innerhalb eines Landes kann es verschiedene Bewertungssysteme f\u00fcr Hotels geben. In Spanien, Portugal und Frankreich entspricht die Hotel-Klassifizierung in etwa deutschen Standards, kann aber auch darunter liegen. F\u00fcr Griechenland, Italien und die T\u00fcrkei gilt, dass gedanklich eventuell 1 bis 2 Sterne abgezogen werden m\u00fcssen. In den USA oder in Asien hingegen ist das ganz anders: Das Niveau entspricht durchaus deutschen Standards.<\/p>\n","protected":false},"excerpt":{"rendered":"<p>Was bedeuten Hotelsterne in Deutschland? Hotelsterne sind in Deutschland klar definiert. Der Deutsche Hotel- und Gastst\u00e4ttenverband (DEHOGA) definiert und vergibt die begehrten Sterne. Diese m\u00fcssen beantragt und dann vom DEHOGA genehmigt werden. Der &#8222;Haken&#8220;&#46;&#46;&#46;<\/p>\n","protected":false},"author":2,"featured_media":0,"parent":0,"menu_order":0,"comment_status":"open","ping_status":"open","template":"","meta":[],"_links":{"self":[{"href":"http:\/\/gambylzoone.com\/index.php?rest_route=\/wp\/v2\/pages\/844"}],"collection":[{"href":"http:\/\/gambylzoone.com\/index.php?rest_route=\/wp\/v2\/pages"}],"about":[{"href":"http:\/\/gambylzoone.com\/index.php?rest_route=\/wp\/v2\/types\/page"}],"author":[{"embeddable":true,"href":"http:\/\/gambylzoone.com\/index.php?rest_route=\/wp\/v2\/users\/2"}],"replies":[{"embeddable":true,"href":"http:\/\/gambylzoone.com\/index.php?rest_route=%2Fwp%2Fv2%2Fcomments&post=844"}],"version-history":[{"count":22,"href":"http:\/\/gambylzoone.com\/index.php?rest_route=\/wp\/v2\/pages\/844\/revisions"}],"predecessor-version":[{"id":1808,"href":"http:\/\/gambylzoone.com\/index.php?rest_route=\/wp\/v2\/pages\/844\/revisions\/1808"}],"wp:attachment":[{"href":"http:\/\/gambylzoone.com\/index.php?rest_route=%2Fwp%2Fv2%2Fmedia&parent=844"}],"curies":[{"name":"wp","href":"https:\/\/api.w.org\/{rel}","templated":true}]}}