{"id":826,"date":"2014-07-01T13:56:08","date_gmt":"2014-07-01T11:56:08","guid":{"rendered":"http:\/\/build.gambylzoone.com\/?page_id=826"},"modified":"2014-07-05T10:27:08","modified_gmt":"2014-07-05T08:27:08","slug":"urlaubsnebenkosten","status":"publish","type":"page","link":"http:\/\/gambylzoone.com\/?page_id=826","title":{"rendered":"Urlaubsnebenkosten"},"content":{"rendered":"<p>Preisvergleich Urlaubsnebenkosten<\/p>\n<p><a href=\"http:\/\/build.gambylzoone.com\/wp-content\/uploads\/2014\/07\/liegen_strand.jpg\"><img loading=\"lazy\" class=\"alignleft wp-image-880 size-full\" src=\"http:\/\/build.gambylzoone.com\/wp-content\/uploads\/2014\/07\/liegen_strand.jpg\" alt=\"liegen_strand\" width=\"150\" height=\"225\" \/><\/a><\/p>\n<p>Die Preise f\u00fcr das ganz allt\u00e4gliche Sommervergn\u00fcgen in 50 popul\u00e4ren europ\u00e4ischen Badeorten variieren deutlich. Zum ersten Mal dabei und gleich mit gro\u00dfem Abstand Sieger ist Polen: Das ADAC-Urteil \u201esehr g\u00fcnstig\u201c. 20 der 48 Produkte aus dem Warenkorb der Tester sind dort am billigsten. Auch der g\u00fcnstigste Badeort, Ustka an der Ostseek\u00fcste, liegt in Polen. Der teuerste ist Arcachon am Golf von Biscaya in Frankreich, dem erneut teuersten Urlaubsland. Deutschland konnte die gute Platzierung vom letzten Test nicht wieder erreichen und rutschte mit einem \u201edurchschnittlich\u201c ins Mittelfeld ab. Mit dem sechsten Rang liegt Deutschland aber noch weit vor Italien. Der zweimalige Testsieger T\u00fcrkei schaffte es trotz dem Urteil \u201eg\u00fcnstig\u201c lediglich auf den f\u00fcnften Platz, knapp geschlagen von Spanien, Portugal und Griechenland.<!--more--><\/p>\n<p>F\u00fcr den gro\u00dfen Europa-Vergleich der Urlaubsnebenkosten kaufte der Automobilclub einen touristischen Warenkorb mit 48 typischen Produkten und Aktivit\u00e4ten in 50 popul\u00e4ren Badeorten ein. Dabei handelt es sich um alles, was im Badeurlaub au\u00dferhalb von Hotel und Anreise den Geldbeutel belastet. Also beispielsweise Essen und Trinken, eine Sonnencreme, die Leihgb\u00fchr f\u00fcr einen Motorroller oder ein Liegestuhl am Strand.<\/p>\n<p>Der Durchschnittspreis f\u00fcr alle Produkte im europ\u00e4ischen Vergleich liegt bei 323 Euro. Im sehr g\u00fcnstigen Polen m\u00fcssen Urlauber f\u00fcr den Warenkorb nur 261 Euro und damit 50 Euro weniger als in Deutschland (311 Euro) zahlen. Rund ein Viertel mehr muss der Urlauber in Frankreich auf den Ladentisch legen. Mit 402 Euro sind Einkaufen, Essen und der Freizeitspa\u00df dort sehr teuer. D\u00e4nemark schnitt bei seiner Premiere ebenfalls mit dem Pr\u00e4dikat \u201esehr teuer\u201c ab. Gerade Essen und Trinken gehen hier ins Geld.<\/p>\n<p>Wie teuer Urlaub im eigenen Land ist, haben die ADAC-Experten in den Ostseeb\u00e4dern Heringsdorf (Usedom), Binz (R\u00fcgen), K\u00fchlungsborn (alle mit dem Pr\u00e4dikat \u201eg\u00fcnstig\u201c) sowie an der Nordsee in Norderney und Westerland (beide \u201edurchschnittlich\u201c) getestet. Vor allem Urlaubsklassiker wie Sonnencreme (9,44 Euro), die Kugel Eis (0,83 Euro) oder eine Runde Minigolf (3,01 Euro) sind besonders g\u00fcnstig. F\u00fcr Freizeit und Mobilit\u00e4t sowie Shopping muss tiefer in die Tasche gegriffen werden. Kopfschmerztabletten waren sogar in keinem anderen Land so teuer wie in Deutschland. Trotzdem ist Urlaub im eigenen Land gerade f\u00fcr Familien mit Kindern attraktiv. Fast \u00fcberall gibt es Erm\u00e4\u00dfigungen und Verg\u00fcnstigungen f\u00fcr die Kleinen.<\/p>\n<p>so wurde getestet<\/p>\n","protected":false},"excerpt":{"rendered":"<p>Preisvergleich Urlaubsnebenkosten Die Preise f\u00fcr das ganz allt\u00e4gliche Sommervergn\u00fcgen in 50 popul\u00e4ren europ\u00e4ischen Badeorten variieren deutlich. Zum ersten Mal dabei und gleich mit gro\u00dfem Abstand Sieger ist Polen: Das ADAC-Urteil \u201esehr g\u00fcnstig\u201c. 20 der&#46;&#46;&#46;<\/p>\n","protected":false},"author":2,"featured_media":0,"parent":0,"menu_order":0,"comment_status":"open","ping_status":"open","template":"","meta":[],"_links":{"self":[{"href":"http:\/\/gambylzoone.com\/index.php?rest_route=\/wp\/v2\/pages\/826"}],"collection":[{"href":"http:\/\/gambylzoone.com\/index.php?rest_route=\/wp\/v2\/pages"}],"about":[{"href":"http:\/\/gambylzoone.com\/index.php?rest_route=\/wp\/v2\/types\/page"}],"author":[{"embeddable":true,"href":"http:\/\/gambylzoone.com\/index.php?rest_route=\/wp\/v2\/users\/2"}],"replies":[{"embeddable":true,"href":"http:\/\/gambylzoone.com\/index.php?rest_route=%2Fwp%2Fv2%2Fcomments&post=826"}],"version-history":[{"count":7,"href":"http:\/\/gambylzoone.com\/index.php?rest_route=\/wp\/v2\/pages\/826\/revisions"}],"predecessor-version":[{"id":997,"href":"http:\/\/gambylzoone.com\/index.php?rest_route=\/wp\/v2\/pages\/826\/revisions\/997"}],"wp:attachment":[{"href":"http:\/\/gambylzoone.com\/index.php?rest_route=%2Fwp%2Fv2%2Fmedia&parent=826"}],"curies":[{"name":"wp","href":"https:\/\/api.w.org\/{rel}","templated":true}]}}