{"id":81,"date":"2014-06-12T14:13:22","date_gmt":"2014-06-12T12:13:22","guid":{"rendered":"http:\/\/build.gambylzoone.com\/?page_id=81"},"modified":"2018-05-24T19:48:39","modified_gmt":"2018-05-24T18:48:39","slug":"kfz-versicherung","status":"publish","type":"page","link":"http:\/\/gambylzoone.com\/?page_id=81","title":{"rendered":"KFZ-Versicherung"},"content":{"rendered":"<p> <span style=\"font-family:Arial; font-size:10px\">powered by <\/span><\/p>\n<p><strong><span style=\"color: #000080;\">KFZ-Versicherung<\/span><\/strong><\/p>\n<p>KFZ &#8211; Versicherungen sind unumg\u00e4nglich. Um den finanziellen Schutz von Unfall-Gesch\u00e4digten zu garantieren, muss jeder Fahrzeughalter eine KFZ \u2013 Haftpflichtversicherung abschlie\u00dfen und vor allem vorweisen, denn sonst darf er kein Fahrzeug im Stra\u00dfenverkehr f\u00fchren. Und mit dem Stra\u00dfenverkehr ist das auch begr\u00fcndet, denn wie schnell kommt es hier zu Personen- und Materialsch\u00e4den. KFZ \u2013 Versicherungen sind also sinnvoll, denn es geht nicht mehr nur um die eigene Sicherheit, sondern auch um die Anderer.<\/p>\n<p>Au\u00dferdem geh\u00f6ren zu den KFZ \u2013 Versicherungen noch die Kaskoversicherung, die das eigene Auto sichert und Sch\u00e4den am selbigen ausgleicht, eine Insassen-Unfallversicherung und der Schutzbrief, der zum Beispiel die Garantie gibt, dass die ganze Familie vom Unfallort geholt und nach Haus gebracht wird. KFZ \u2013 Versicherungen sind in ihren Tarifen nat\u00fcrlich sehr unterschiedlich, denn hier spielen viele Faktoren eine Rolle, die alle gepr\u00fcft und gekl\u00e4rt sein m\u00fcssen.<!--more--><\/p>\n<p>Im Interesse aller Verkehrsteilnehmer und im Interesse der eigenen Finanzen sollte man sich umfassend informieren und seinen Versicherungsschutz auf den neuesten Stand bringen. Eine KFZ \u2013 Versicherung geh\u00f6rt auf jeden Fall dazu! Sparen Sie nicht am falschen Ende!<\/p>\n<p>Ein Wechsel der KFZ Versicherung kann bis zu 65% sparen. Die Versicherungen liefern sich in der KFZ Hauptsaison einen waren Preiskrieg. Eine \u00dcberpr\u00fcfung der KFZ Versicherung lohnt fast immer.<\/p>\n<p>Das bietet Ihnen der kostenlose KFZ Versicherung Onlinerechner:<\/p>\n<p>Errechnen Sie Ihr pers\u00f6nliches Angebot Ihrer optimalen KFZ Versicherung und sparen Sie so bis zu 65% im Jahr. Die Benutzung des Onlinerechners ist zu jedem Zeitpunkt kostenlos.<\/p>\n<p>Der kostenloser Onlinerechner bietet Ihnen:<\/p>\n<p>Deckungskarten-Sofort-Service<\/p>\n<p>Onlineabschluss m\u00f6glich<\/p>\n<p>Vergleich aus \u00fcber 60 Versicherungen<\/p>\n<p>Einsparungen bis zu 65% m\u00f6glich!<\/p>\n<p>Versicherungscheck ohne Fahrzeugschein<\/p>\n<p>Nehmen Sie sich 2 Minuten Zeit und testen Sie, wie hoch Ihr Einsparungspotential ist.<\/p>\n","protected":false},"excerpt":{"rendered":"<p>powered by KFZ-Versicherung KFZ &#8211; Versicherungen sind unumg\u00e4nglich. Um den finanziellen Schutz von Unfall-Gesch\u00e4digten zu garantieren, muss jeder Fahrzeughalter eine KFZ \u2013 Haftpflichtversicherung abschlie\u00dfen und vor allem vorweisen, denn sonst darf er kein Fahrzeug&#46;&#46;&#46;<\/p>\n","protected":false},"author":2,"featured_media":0,"parent":0,"menu_order":0,"comment_status":"open","ping_status":"open","template":"","meta":[],"_links":{"self":[{"href":"http:\/\/gambylzoone.com\/index.php?rest_route=\/wp\/v2\/pages\/81"}],"collection":[{"href":"http:\/\/gambylzoone.com\/index.php?rest_route=\/wp\/v2\/pages"}],"about":[{"href":"http:\/\/gambylzoone.com\/index.php?rest_route=\/wp\/v2\/types\/page"}],"author":[{"embeddable":true,"href":"http:\/\/gambylzoone.com\/index.php?rest_route=\/wp\/v2\/users\/2"}],"replies":[{"embeddable":true,"href":"http:\/\/gambylzoone.com\/index.php?rest_route=%2Fwp%2Fv2%2Fcomments&post=81"}],"version-history":[{"count":23,"href":"http:\/\/gambylzoone.com\/index.php?rest_route=\/wp\/v2\/pages\/81\/revisions"}],"predecessor-version":[{"id":4048,"href":"http:\/\/gambylzoone.com\/index.php?rest_route=\/wp\/v2\/pages\/81\/revisions\/4048"}],"wp:attachment":[{"href":"http:\/\/gambylzoone.com\/index.php?rest_route=%2Fwp%2Fv2%2Fmedia&parent=81"}],"curies":[{"name":"wp","href":"https:\/\/api.w.org\/{rel}","templated":true}]}}