{"id":661,"date":"2014-06-23T21:16:23","date_gmt":"2014-06-23T19:16:23","guid":{"rendered":"http:\/\/build.gambylzoone.com\/?page_id=661"},"modified":"2014-06-25T11:25:35","modified_gmt":"2014-06-25T09:25:35","slug":"agb-check24-de","status":"publish","type":"page","link":"http:\/\/gambylzoone.com\/?page_id=661","title":{"rendered":"AGB und Datenschutz von Check24"},"content":{"rendered":"<p><a href=\"http:\/\/a.check24.net\/misc\/click.php?pid=83121&#038;aid=112&#038;deep=stromanbieter-wechseln\"  target=\"_blank\"><br \/>\n<img src=\"http:\/\/a.check24.net\/misc\/view.php?pid=83121&#038;aid=112\" border=0><br \/>\n<\/a><\/p>\n<p><a href=\"http:\/\/files.check24.net\/ads\/113\/agb-datenschutz.html\" target=\"_blank\"><br \/>\n<strong>AGB und Datenschutzvereinbarung der TARIF CHECK24 AG (f\u00fcr die Bereitstellung der Vergleichsrechner)<\/strong><br \/>\n<\/a><\/p>\n<p><a href=\"http:\/\/vergleich.check24.de\/80d2b7263e1edd47aa53f70fbb08ac76\/app\/form\/datasecurity_energy.html?style=green&#038;pid=83121&#038;tid=start\" target=\"_blank\"><br \/>\n<strong>Datenschutzhinweise der CHECK24 Vergleichsportal Energie GmbH (f\u00fcr die Durchf\u00fchrung von Strom- und Gastarifvergleichen)<\/strong><br \/>\n<\/a><\/p>\n<p><a href=\"http:\/\/vergleich.check24.de\/ce901fe097ec677bc87a033c6c75aaa4\/app\/form\/agb_energy.html?style=green&#038;pid=83121&#038;tid=start\" target=\"_blank\"><br \/>\n<strong>Allgemeine Gesch\u00e4ftsbedingungen der CHECK24 Vergleichsportal Energie GmbH (f\u00fcr die Durchf\u00fchrung von Strom- und Gastarifvergleichen)<\/strong><br \/>\n<\/a><\/p>\n","protected":false},"excerpt":{"rendered":"<p>AGB und Datenschutzvereinbarung der TARIF CHECK24 AG (f\u00fcr die Bereitstellung der Vergleichsrechner) Datenschutzhinweise der CHECK24 Vergleichsportal Energie GmbH (f\u00fcr die Durchf\u00fchrung von Strom- und Gastarifvergleichen) Allgemeine Gesch\u00e4ftsbedingungen der CHECK24 Vergleichsportal Energie GmbH (f\u00fcr die&#46;&#46;&#46;<\/p>\n","protected":false},"author":2,"featured_media":0,"parent":0,"menu_order":0,"comment_status":"open","ping_status":"open","template":"","meta":[],"_links":{"self":[{"href":"http:\/\/gambylzoone.com\/index.php?rest_route=\/wp\/v2\/pages\/661"}],"collection":[{"href":"http:\/\/gambylzoone.com\/index.php?rest_route=\/wp\/v2\/pages"}],"about":[{"href":"http:\/\/gambylzoone.com\/index.php?rest_route=\/wp\/v2\/types\/page"}],"author":[{"embeddable":true,"href":"http:\/\/gambylzoone.com\/index.php?rest_route=\/wp\/v2\/users\/2"}],"replies":[{"embeddable":true,"href":"http:\/\/gambylzoone.com\/index.php?rest_route=%2Fwp%2Fv2%2Fcomments&post=661"}],"version-history":[{"count":10,"href":"http:\/\/gambylzoone.com\/index.php?rest_route=\/wp\/v2\/pages\/661\/revisions"}],"predecessor-version":[{"id":763,"href":"http:\/\/gambylzoone.com\/index.php?rest_route=\/wp\/v2\/pages\/661\/revisions\/763"}],"wp:attachment":[{"href":"http:\/\/gambylzoone.com\/index.php?rest_route=%2Fwp%2Fv2%2Fmedia&parent=661"}],"curies":[{"name":"wp","href":"https:\/\/api.w.org\/{rel}","templated":true}]}}