{"id":580,"date":"2014-06-23T15:06:53","date_gmt":"2014-06-23T13:06:53","guid":{"rendered":"http:\/\/build.gambylzoone.com\/?page_id=580"},"modified":"2019-10-19T10:31:57","modified_gmt":"2019-10-19T09:31:57","slug":"dsl","status":"publish","type":"page","link":"http:\/\/gambylzoone.com\/?page_id=580","title":{"rendered":"DSL"},"content":{"rendered":"<p><!-- START ADVERTISER: CHECK24 Partnerprogramm from awin.com --><br \/>\n<a href=\"https:\/\/www.awin1.com\/cread.php?s=2126226&#038;v=9364&#038;q=332955&#038;r=395363\"><br \/>\n    <img src=\"https:\/\/www.awin1.com\/cshow.php?s=2126226&#038;v=9364&#038;q=332955&#038;r=395363\" border=\"0\"><br \/>\n<\/a><br \/>\n<!-- END ADVERTISER: CHECK24 Partnerprogramm from awin.com --><\/p>\n<p><span style=\"color: #000080;\"><strong>Profitieren Sie vom DSL-Vergleich<\/strong><\/span><\/p>\n<p>DSL-Anbieter erm\u00f6glichen Ihnen eine weitaus h\u00f6here Geschwindigkeit bei der Daten\u00fcbertragung im Internet als Analog- oder ISDN-Anbieter. Nutzen Sie den DSL-Rechner, um schon bald mit einem g\u00fcnstigen Internetanbieter schneller zu surfen. Die Vorteile eines DSL-Vergleichs im \u00dcberblick:<\/p>\n<ul>\n<li>Sie erhalten eine Auflistung verschiedener DSL-Anbieter und DSL-Tarife<\/li>\n<li>Sie erfahren, welche DSL-Geschwindigkeiten DSL-Anbieter im Angebot haben<\/li>\n<li>Sie sehen auf einen Blick die Preis-Leistungskombinationen der DSL-Anbieter<\/li>\n<\/ul>\n<p><!--more--><\/p>\n<p><span style=\"color: #000080;\">DSL-Flatrate macht unbegrenztes Surfen m\u00f6glich<\/span><\/p>\n<p>DSL-Tarife werden zu unterschiedlichen Konditionen angeboten. DSL-Anbieter haben zum Beispiel verschiedene DSL-Geschwindigkeiten im Angebot. Diese k\u00f6nnen zwischen 2.000 Kilobit pro Sekunde und 16.000 Kilobit pro Sekunde betragen. Je h\u00f6her die Bitrate pro Sekunde, desto schneller k\u00f6nnen Sie im Internet surfen und Daten hoch- bzw. runterladen. Mit VDSL kann sogar eine Geschwindigkeit von bis zu 50.000 Kilobit pro Sekunde erreicht werden. Dies ist bisher jedoch noch nicht an jedem Standort m\u00f6glich. Unterschiede gibt es auch bei der Tarif-Abrechnung. W\u00e4gen Sie ab, ob f\u00fcr Sie eine minutengenaue Abrechnung g\u00fcnstiger ist, oder ob Sie als Vielsurfer einen monatlichen Pauschalpreis zahlen m\u00f6chten. In diesem Fall ist die DSL-Flatrate eine g\u00fcnstige L\u00f6sung. Die DSL-Flatrate bietet zeitlich unbegrenztes Surfen sowie ein unbegrenztes Datenvolumen. Sie k\u00f6nnen mit einer DSL-Flatrate eine beliebig hohe Datenmenge hoch- und runterladen. Einige DSL-Tarife enthalten neben einer DSL-Flatrate auch eine Telefon-Flatrate. Mit einem derartigen DSL-Tarif k\u00f6nnen Sie \u00fcber das Internet telefonieren. Ihrem Telefonanbieter k\u00f6nnen Sie in diesem Fall k\u00fcndigen.<\/p>\n<p><span style=\"color: #000080;\">DSL-Anbieter vergleichen<\/span><\/p>\n<p>Nutzen Sie jetzt unseren Tarifrechner, vergleichen Sie die DSL-Tarife und wechseln Sie zu einem g\u00fcnstigen DSL-Anbieter. So k\u00f6nnen Sie bis zu 113 Euro sparen. Sie haben noch keinen Internetzugang via DSL? Der Umstieg von einer Schmalbandverbindung via ISDN oder analogem Einw\u00e4hlverfahren per Modem auf eine Breitbandverbindung wird immer beliebter. Schlie\u00dflich erm\u00f6glicht ein Internetzugang via DSL das Herunterladen gro\u00dfer Dateien in k\u00fcrzester Zeit. Mit dem richtigen DSL-Internetzugang k\u00f6nnen Sie also schneller surfen und das gesamte Spektrum des Multimedia-Angebots im Internet nutzen.<\/p>\n<p>Nutzen sie unseren kostenlosen und unabh\u00e4ngigen DSL-Preisvergleich. Vergleichen Sie die Preise und Leistungen der DSL-Tarife und sparen Sie bis zu 40% der monatlichen Kosten.<\/p>\n<p>Nachdem Sie Ihre Daten in den Vergleichsrechner eingegeben haben, werden Ihnen die g\u00fcnstigsten Tarife und Anbieter angezeigt. F\u00fcr Informationen zum Anbieter klicken Sie einfach auf den Anbieternamen und Sie erhalten weitere Informationen zum Unternehmen.<\/p>\n","protected":false},"excerpt":{"rendered":"<p>Profitieren Sie vom DSL-Vergleich DSL-Anbieter erm\u00f6glichen Ihnen eine weitaus h\u00f6here Geschwindigkeit bei der Daten\u00fcbertragung im Internet als Analog- oder ISDN-Anbieter. Nutzen Sie den DSL-Rechner, um schon bald mit einem g\u00fcnstigen Internetanbieter schneller zu surfen.&#46;&#46;&#46;<\/p>\n","protected":false},"author":2,"featured_media":0,"parent":0,"menu_order":0,"comment_status":"open","ping_status":"open","template":"","meta":[],"_links":{"self":[{"href":"http:\/\/gambylzoone.com\/index.php?rest_route=\/wp\/v2\/pages\/580"}],"collection":[{"href":"http:\/\/gambylzoone.com\/index.php?rest_route=\/wp\/v2\/pages"}],"about":[{"href":"http:\/\/gambylzoone.com\/index.php?rest_route=\/wp\/v2\/types\/page"}],"author":[{"embeddable":true,"href":"http:\/\/gambylzoone.com\/index.php?rest_route=\/wp\/v2\/users\/2"}],"replies":[{"embeddable":true,"href":"http:\/\/gambylzoone.com\/index.php?rest_route=%2Fwp%2Fv2%2Fcomments&post=580"}],"version-history":[{"count":21,"href":"http:\/\/gambylzoone.com\/index.php?rest_route=\/wp\/v2\/pages\/580\/revisions"}],"predecessor-version":[{"id":4142,"href":"http:\/\/gambylzoone.com\/index.php?rest_route=\/wp\/v2\/pages\/580\/revisions\/4142"}],"wp:attachment":[{"href":"http:\/\/gambylzoone.com\/index.php?rest_route=%2Fwp%2Fv2%2Fmedia&parent=580"}],"curies":[{"name":"wp","href":"https:\/\/api.w.org\/{rel}","templated":true}]}}