{"id":526,"date":"2014-06-23T12:40:11","date_gmt":"2014-06-23T10:40:11","guid":{"rendered":"http:\/\/build.gambylzoone.com\/?page_id=526"},"modified":"2014-06-23T22:03:23","modified_gmt":"2014-06-23T20:03:23","slug":"impressum","status":"publish","type":"page","link":"http:\/\/gambylzoone.com\/?page_id=526","title":{"rendered":"Impressum"},"content":{"rendered":"<p><strong><span style=\"color: #000080;\">Impressum<\/span><\/strong><\/p>\n<p>Betreiber dieser Webseite (gem\u00e4\u00df \u00a7 6 TDG):<\/p>\n<p>Name:\u00a0\u00a0\u00a0\u00a0\u00a0\u00a0\u00a0\u00a0\u00a0\u00a0\u00a0\u00a0\u00a0\u00a0\u00a0\u00a0\u00a0\u00a0\u00a0\u00a0\u00a0\u00a0\u00a0\u00a0\u00a0\u00a0\u00a0 \u00a0\u00a0\u00a0\u00a0\u00a0\u00a0\u00a0\u00a0\u00a0\u00a0\u00a0\u00a0\u00a0 \u00a0 \u00a0 \u00a0 \u00a0 \u00a0 \u00a0 \u00a0 \u00a0 \u00a0 \u00a0 \u00a0 \u00a0 \u00a0 \u00a0 \u00a0 \u00a0 \u00a0 \u00a0\u00a0 Drollys GmbH<br \/>\nStra\u00dfe:\u00a0\u00a0\u00a0\u00a0\u00a0\u00a0\u00a0\u00a0\u00a0\u00a0\u00a0\u00a0\u00a0\u00a0\u00a0\u00a0\u00a0\u00a0\u00a0\u00a0\u00a0\u00a0\u00a0\u00a0\u00a0\u00a0\u00a0\u00a0\u00a0\u00a0\u00a0\u00a0\u00a0\u00a0\u00a0\u00a0\u00a0\u00a0\u00a0 \u00a0 \u00a0 \u00a0 \u00a0 \u00a0 \u00a0 \u00a0 \u00a0 \u00a0 \u00a0 \u00a0 \u00a0 \u00a0 \u00a0 \u00a0 \u00a0 \u00a0 \u00a0 \u00a0 Wilhelm-Pieck-Stra\u00dfe 34<br \/>\nLand \/ PLZ \/ Ort:\u00a0\u00a0\u00a0\u00a0\u00a0\u00a0\u00a0\u00a0\u00a0\u00a0\u00a0\u00a0\u00a0\u00a0\u00a0\u00a0\u00a0\u00a0\u00a0\u00a0\u00a0\u00a0\u00a0\u00a0\u00a0\u00a0\u00a0\u00a0\u00a0\u00a0\u00a0\u00a0\u00a0\u00a0\u00a0\u00a0\u00a0\u00a0\u00a0\u00a0\u00a0\u00a0\u00a0\u00a0\u00a0\u00a0\u00a0\u00a0\u00a0\u00a0\u00a0\u00a0\u00a0\u00a0\u00a0\u00a0\u00a0\u00a0\u00a0 14532 Stahnsdorf<br \/>\nvertretungsberechtigter Gesch\u00e4ftsf\u00fchrer:\u00a0\u00a0\u00a0\u00a0\u00a0\u00a0\u00a0\u00a0\u00a0 \u00a0 \u00a0\u00a0 Fantrek Stemmer<br \/>\nTelefon:\u00a0\u00a0\u00a0\u00a0\u00a0\u00a0\u00a0\u00a0\u00a0\u00a0\u00a0\u00a0\u00a0\u00a0\u00a0\u00a0\u00a0\u00a0\u00a0\u00a0\u00a0\u00a0\u00a0\u00a0\u00a0\u00a0\u00a0\u00a0\u00a0\u00a0\u00a0\u00a0\u00a0\u00a0\u00a0\u00a0\u00a0\u00a0 \u00a0 \u00a0 \u00a0 \u00a0 \u00a0 \u00a0 \u00a0 \u00a0 \u00a0 \u00a0 \u00a0 \u00a0 \u00a0 \u00a0 \u00a0 \u00a0 \u00a0 \u00a0 \u00a0 033701-365 873<br \/>\nFax:\u00a0\u00a0\u00a0\u00a0\u00a0\u00a0 \u00a0\u00a0\u00a0\u00a0\u00a0\u00a0\u00a0\u00a0\u00a0\u00a0\u00a0\u00a0\u00a0\u00a0\u00a0\u00a0\u00a0\u00a0\u00a0\u00a0\u00a0\u00a0\u00a0\u00a0\u00a0\u00a0\u00a0\u00a0\u00a0\u00a0\u00a0\u00a0\u00a0\u00a0\u00a0 \u00a0 \u00a0 \u00a0 \u00a0 \u00a0 \u00a0 \u00a0 \u00a0 \u00a0 \u00a0 \u00a0 \u00a0 \u00a0 \u00a0 \u00a0 \u00a0 \u00a0 \u00a0 \u00a0 \u00a0\u00a0 033701-365 874<br \/>\neMail:\u00a0\u00a0\u00a0\u00a0\u00a0\u00a0\u00a0\u00a0\u00a0\u00a0\u00a0\u00a0\u00a0\u00a0\u00a0\u00a0\u00a0\u00a0\u00a0\u00a0\u00a0\u00a0\u00a0\u00a0\u00a0\u00a0\u00a0\u00a0\u00a0\u00a0\u00a0 \u00a0\u00a0\u00a0\u00a0\u00a0\u00a0\u00a0\u00a0\u00a0\u00a0\u00a0\u00a0\u00a0\u00a0\u00a0\u00a0\u00a0\u00a0\u00a0\u00a0\u00a0\u00a0\u00a0\u00a0\u00a0\u00a0\u00a0\u00a0\u00a0\u00a0\u00a0\u00a0\u00a0\u00a0\u00a0\u00a0\u00a0\u00a0\u00a0\u00a0\u00a0\u00a0\u00a0\u00a0\u00a0\u00a0\u00a0 fantrek.stemmer ([at]) drollys.com<br \/>\nRegistergericht:\u00a0\u00a0\u00a0\u00a0\u00a0\u00a0\u00a0\u00a0\u00a0\u00a0\u00a0\u00a0\u00a0\u00a0\u00a0\u00a0 \u00a0 \u00a0 \u00a0 \u00a0 \u00a0 \u00a0 \u00a0 \u00a0\u00a0\u00a0\u00a0\u00a0\u00a0\u00a0\u00a0\u00a0\u00a0\u00a0\u00a0\u00a0\u00a0\u00a0\u00a0\u00a0\u00a0\u00a0\u00a0\u00a0\u00a0\u00a0\u00a0\u00a0 \u00a0\u00a0 \u00a0 Amtsgericht Potsdam<br \/>\nRegisternummer:\u00a0\u00a0\u00a0\u00a0\u00a0\u00a0\u00a0\u00a0\u00a0\u00a0\u00a0\u00a0\u00a0\u00a0\u00a0\u00a0\u00a0\u00a0\u00a0\u00a0\u00a0\u00a0\u00a0\u00a0\u00a0\u00a0\u00a0\u00a0\u00a0\u00a0\u00a0\u00a0\u00a0\u00a0\u00a0\u00a0\u00a0\u00a0\u00a0\u00a0\u00a0\u00a0\u00a0\u00a0\u00a0\u00a0\u00a0\u00a0\u00a0\u00a0\u00a0\u00a0\u00a0\u00a0\u00a0\u00a0 \u00a0 Potsdam HRB 26742 P<br \/>\nStammkapital:\u00a0\u00a0\u00a0\u00a0\u00a0\u00a0\u00a0\u00a0\u00a0\u00a0\u00a0\u00a0\u00a0\u00a0\u00a0\u00a0\u00a0\u00a0\u00a0\u00a0\u00a0\u00a0\u00a0\u00a0\u00a0\u00a0\u00a0\u00a0\u00a0\u00a0\u00a0\u00a0\u00a0 \u00a0 \u00a0\u00a0\u00a0\u00a0\u00a0\u00a0\u00a0\u00a0\u00a0\u00a0\u00a0\u00a0\u00a0\u00a0\u00a0\u00a0\u00a0\u00a0\u00a0\u00a0\u00a0\u00a0\u00a0\u00a0\u00a0\u00a0\u00a0 25.000 Euro<br \/>\nUmsatzsteuer-Identifikationsnummer<br \/>\ngem. \u00a7 27a UStG:\u00a0\u00a0\u00a0\u00a0\u00a0\u00a0\u00a0\u00a0\u00a0\u00a0\u00a0\u00a0\u00a0\u00a0\u00a0\u00a0\u00a0\u00a0\u00a0\u00a0\u00a0\u00a0\u00a0\u00a0\u00a0\u00a0\u00a0\u00a0\u00a0\u00a0\u00a0\u00a0\u00a0\u00a0\u00a0\u00a0\u00a0\u00a0\u00a0\u00a0\u00a0\u00a0\u00a0\u00a0\u00a0\u00a0\u00a0\u00a0\u00a0\u00a0\u00a0\u00a0\u00a0\u00a0 \u00a0 \u00a0 DE292895107<br \/>\nSteuernummer:\u00a0\u00a0\u00a0\u00a0\u00a0\u00a0\u00a0\u00a0\u00a0\u00a0\u00a0\u00a0\u00a0\u00a0\u00a0\u00a0\u00a0\u00a0\u00a0\u00a0\u00a0\u00a0\u00a0\u00a0\u00a0\u00a0\u00a0\u00a0\u00a0\u00a0\u00a0\u00a0\u00a0\u00a0\u00a0\u00a0\u00a0\u00a0\u00a0\u00a0\u00a0\u00a0\u00a0\u00a0\u00a0\u00a0\u00a0\u00a0\u00a0\u00a0\u00a0\u00a0\u00a0\u00a0\u00a0\u00a0\u00a0\u00a0\u00a0\u00a0\u00a0 FA Potsdam 046\/107\/10226<\/p>\n<p>&nbsp;<\/p>\n<p>Der Betreiber dieser Webseite tritt nur als Tippgeber auf!<br \/>\nDer Betreiber dieser Webseite ist kein Versicherungsmakler!<br \/>\nDer Betreiber dieser Webseite arbeitet mit folgende Anbieter (Versicherungsmakler) zusammen:<\/p>\n<p><span style=\"color: #000080;\"><strong><span style=\"text-decoration: underline;\">TARIFCHECK24 GmbH (check24.de, tarifcheck24.com)<\/span><\/strong><\/span><\/p>\n<p>Alle Versicherungs- und Finanzvergleiche (Ausnahme Girokonto) powered by TARIFCHECK24 GmbH<br \/>\nZollstr. 11b<br \/>\n21465 Wentorf bei Hamburg<br \/>\nTel. 040 &#8211; 73098288<br \/>\nFax 040 &#8211; 73098289<br \/>\nE-Mail: info@tarifcheck24.de<\/p>\n<p>T\u00e4tig als Versicherungsmakler:<\/p>\n<p>Erlaubnis \u00a7 34 d GewO: Die TARIF CHECK24 GmbH ist Versicherungsmakler mit Erlaubnispflicht nach \u00a7 34d Abs. 1 GewO. Registrierungsnummer: D-XER6-F3NIQ-02. Industrie- und Handelskammer zu L\u00fcbeck, Fackenburger Allee 2, 23554 L\u00fcbeck. Versicherungsvermittlerregister:<br \/>\nwww.vermittlerregister.info<\/p>\n<p><span style=\"color: #000080;\"><strong><span style=\"text-decoration: underline;\">finanzen.de Vermittlungsgesellschaft f\u00fcr Verbrauchervertr\u00e4ge AG (finanzen.de)<\/span><\/strong><\/span><\/p>\n<p>Girokontovergleich powered by FINANZEN.DE<br \/>\nVermittlungsgesellschaft f\u00fcr Verbrauchervertr\u00e4ge AG<br \/>\nSchlesische Stra\u00dfe 29-30<br \/>\n10997 Berlin<br \/>\nFon: (030) 31986 1910<br \/>\nFax: (030) 31986 1911<br \/>\nE-Mail: kontakt@finanzen.de<\/p>\n<p>Die Verantwortlichkeit des genannten Anbieters erstreckt sich nicht auf Teilangebote, f\u00fcr die im Folgenden abweichende Verantwortliche genannt sind:<\/p>\n<p>1. Verantwortlicher i. S. d. \u00a7 5 TMG f\u00fcr alle Vergleichsrechner f\u00fcr Versicherungstarife und Finanzangebote sowie f\u00fcr alle Formulare, mit denen Versicherungs- oder Finanzangebote angefordert werden k\u00f6nnen:<\/p>\n<p>finanzen.de Vermittlungsgesellschaft f\u00fcr Verbrauchervertr\u00e4ge AG<br \/>\nSchlesische Str. 29-30<br \/>\n10997 Berlin<\/p>\n<p>Telefon: (030) 31986 1910<br \/>\nFax: (030) 31986 1911<br \/>\nE-Mail: kontakt@finanzen.de<\/p>\n<p>Vorstand: Dirk Pr\u00f6ssel<br \/>\nVorsitzender des Aufsichtsrats: Laurent Bouyoux<br \/>\nUmsatzsteuer-ID: DE814083736<br \/>\nHandelsregister: HRB 122171 B, Amtsgericht Berlin-Charlottenburg<\/p>\n<p>2. Verantwortlicher f\u00fcr die Vermittlung von Versicherungen in den Sparten Unfallversicherung, Privathaftpflichtversicherung, Tierhalterhaftpflichtversicherung, Rechtsschutzversicherung, Geb\u00e4udeversicherung, Geb\u00e4udeneubauversicherung und Hausratversicherung:<\/p>\n<p>finanzen.de Maklerservice GmbH<br \/>\nSchlesische Strasse 29-30<br \/>\n10997 Berlin<\/p>\n<p>Telefon: (030) 31986 1910<br \/>\nFax: (030) 31986 1911<br \/>\nE-Mail: service@finanzen.de<\/p>\n<p>Gesch\u00e4ftsf\u00fchrer: Dirk Pr\u00f6ssel<br \/>\nHandelsregister: HRB 103179 B, Amtsgericht Berlin-Charlottenburg<\/p>\n<p>T\u00e4tig als Versicherungsmakler mit Erlaubnispflicht nach 34d Abs.1 GewO.<br \/>\nRegistrierungsnummer: D-GGMB-KQQR9-08, Eintragung \u00fcberpr\u00fcfbar bei der gemeinsamen Registerstelle: DIHK e.V., Breite Stra\u00dfe 29, 10178 Berlin, Tel.: 0180-5005850 (14 Cent\/Min aus dem dt. Festnetz, h\u00f6chstens 42 Cent\/Min aus Mobilfunknetzen), www.vermittlerregister.info<br \/>\nZust\u00e4ndige Aufsichtsbeh\u00f6rde: IHK Berlin, Fasanenstra\u00dfe 85, 10623 Berlin.<\/p>\n<p>3. Verantwortlicher f\u00fcr die Vermittlung von Versicherungen in der Sparte Kfz-Versicherung und Motorradversicherung:<\/p>\n<p>CHECK24 Vergleichsportal Versicherungen AG<br \/>\nErika-Mann-Str. 66<br \/>\n80636 M\u00fcnchen<\/p>\n<p>Tel.: (089) 200 047 1020<br \/>\nFax: (089) 200 047 1011<br \/>\nE-Mail: versicherungen@check24.de<\/p>\n<p>Vorstand: Michael Dreimann, Dr. Armin H\u00f6ll-Steier, Thilo Knaupp, Bj\u00f6rn Weikert<br \/>\nUmsatzsteuer-ID: DE813100700<br \/>\nHandelsregister: HRB 134516, Amtsgericht M\u00fcnchen<\/p>\n<p>T\u00e4tig als Versicherungsmakler mit Erlaubnispflicht nach 34d Abs.1 GewO:<br \/>\nRegistrierungsnummer: D-P105-1W8WS-19, Eintragung \u00fcberpr\u00fcfbar bei der gemeinsamen Registerstelle: DIHK e.V., Breite Stra\u00dfe 29, 10178 Berlin, Tel.: 0180-5005850 (14 Cent\/Min aus dem dt. Festnetz, h\u00f6chstens 42 Cent\/Min aus Mobilfunknetzen), www.vermittlerregister.info<br \/>\nZust\u00e4ndige Aufsichtsbeh\u00f6rde: IHK f\u00fcr M\u00fcnchen &amp; Oberbayern, Balanstr. 55-59, 81541 M\u00fcnchen.<\/p>\n<p>4. Gemeinsame Informationen zu den Verantwortlichen gem\u00e4\u00df Ziffern 2-3:<\/p>\n<p>Jeweilige Berufsbezeichnung:<br \/>\nVersicherungsmakler mit Erlaubnis nach \u00a7 34 d Abs. 1 GewO, Bundesrepublik Deutschland<\/p>\n<p>Berufsrechtliche Regelungen:<br \/>\n\u00a7 34 d GewO, \u00a7\u00a7 59 \u2013 68 VVG, VersVermV, abrufbar unter www.gesetze-im-internet.de<\/p>\n<p>Schlichtungsstellen:<br \/>\nVersicherungsombudsmann e.V., Prof. Dr. G\u00fcnter Hirsch, Postfach 080622, 10006 Berlin, Telefon: 0800-3696000, E-Mail: beschwerde@versicherungsombudsmann.de<\/p>\n<p>Ombudsmann Private Kranken- und Pflegeversicherung, Heinz Lanfermann, Kronenstr. 13, 10117 Berlin, Telefon: 01802-550444, E-Mail: ombudsmann@pkv.de<\/p>\n","protected":false},"excerpt":{"rendered":"<p>Impressum Betreiber dieser Webseite (gem\u00e4\u00df \u00a7 6 TDG): Name:\u00a0\u00a0\u00a0\u00a0\u00a0\u00a0\u00a0\u00a0\u00a0\u00a0\u00a0\u00a0\u00a0\u00a0\u00a0\u00a0\u00a0\u00a0\u00a0\u00a0\u00a0\u00a0\u00a0\u00a0\u00a0\u00a0\u00a0 \u00a0\u00a0\u00a0\u00a0\u00a0\u00a0\u00a0\u00a0\u00a0\u00a0\u00a0\u00a0\u00a0 \u00a0 \u00a0 \u00a0 \u00a0 \u00a0 \u00a0 \u00a0 \u00a0 \u00a0 \u00a0 \u00a0 \u00a0 \u00a0 \u00a0 \u00a0 \u00a0 \u00a0 \u00a0\u00a0 Drollys GmbH Stra\u00dfe:\u00a0\u00a0\u00a0\u00a0\u00a0\u00a0\u00a0\u00a0\u00a0\u00a0\u00a0\u00a0\u00a0\u00a0\u00a0\u00a0\u00a0\u00a0\u00a0\u00a0\u00a0\u00a0\u00a0\u00a0\u00a0\u00a0\u00a0\u00a0\u00a0\u00a0\u00a0\u00a0\u00a0\u00a0\u00a0\u00a0\u00a0\u00a0\u00a0 \u00a0 \u00a0 \u00a0&#46;&#46;&#46;<\/p>\n","protected":false},"author":2,"featured_media":0,"parent":0,"menu_order":0,"comment_status":"open","ping_status":"open","template":"","meta":[],"_links":{"self":[{"href":"http:\/\/gambylzoone.com\/index.php?rest_route=\/wp\/v2\/pages\/526"}],"collection":[{"href":"http:\/\/gambylzoone.com\/index.php?rest_route=\/wp\/v2\/pages"}],"about":[{"href":"http:\/\/gambylzoone.com\/index.php?rest_route=\/wp\/v2\/types\/page"}],"author":[{"embeddable":true,"href":"http:\/\/gambylzoone.com\/index.php?rest_route=\/wp\/v2\/users\/2"}],"replies":[{"embeddable":true,"href":"http:\/\/gambylzoone.com\/index.php?rest_route=%2Fwp%2Fv2%2Fcomments&post=526"}],"version-history":[{"count":14,"href":"http:\/\/gambylzoone.com\/index.php?rest_route=\/wp\/v2\/pages\/526\/revisions"}],"predecessor-version":[{"id":697,"href":"http:\/\/gambylzoone.com\/index.php?rest_route=\/wp\/v2\/pages\/526\/revisions\/697"}],"wp:attachment":[{"href":"http:\/\/gambylzoone.com\/index.php?rest_route=%2Fwp%2Fv2%2Fmedia&parent=526"}],"curies":[{"name":"wp","href":"https:\/\/api.w.org\/{rel}","templated":true}]}}