{"id":509,"date":"2014-06-23T11:47:46","date_gmt":"2014-06-23T09:47:46","guid":{"rendered":"http:\/\/build.gambylzoone.com\/?page_id=509"},"modified":"2018-05-24T19:47:49","modified_gmt":"2018-05-24T18:47:49","slug":"unfallversicherung","status":"publish","type":"page","link":"http:\/\/gambylzoone.com\/?page_id=509","title":{"rendered":"Unfallversicherung"},"content":{"rendered":"<p> <span style=\"font-family:Arial; font-size:10px\">powered by finanzen.de<\/span><\/p>\n<p><a href=\"http:\/\/gambylzoone.com\/?page_id=675\" rel=\"noopener\" target=\"_blank\">AGB und Datenschutz von finanzen.de<\/a><\/p>\n<p><center><\/p>\n<div id=\"fde-slot-am-1405949746\"><\/div>\n<p><script type=\"text\/javascript\">\/* <![CDATA[ *\/ var fde = fde || []; fde.push([{ \"slotId\" : \"1405949746\" },{ \"siteKey\" : \"gambylzoonecom\" },{ \"designId\" : \"8916\" },{ \"contentType\" : \"tariffCalcGwt\" },{ \"productId\" : \"10\" },{ \"affiliateCampaignCode\" : \"\" } ]); var fdeJsHost = ((\"https:\" == document.location.protocol) ? \"https:\/\/\" : \"http:\/\/\"); document.write(unescape(\"%3Cscript src='\" + fdeJsHost + \"www.finanzen.de\/s\/cms\/js\/fdeam\/fdeam.nocache.js' type='text\/javascript'%3E%3C\/script%3E\"));\/* ]]> *\/<\/script><iframe src=\"javascript:''\" id='__gwt_historyFrame' style='position:absolute;width:0;height:0;border:0'><\/iframe><br \/>\n<\/center><\/p>\n<p>Unf\u00e4lle k\u00f6nnen immer und \u00fcberall passieren, das wissen Sie sicher. Aber sind Sie auch abgesichert f\u00fcr einen solchen Fall? Eine Unfallversicherung ist genau das, was man braucht, wenn etwas passiert. Die Leistungen, die man bekommt, wenn man eine private Unfallversicherung abschlie\u00dft, sind sehr umfangreich und helfen dann, wenn sie f\u00e4llig werden, unheimlich weiter.<!--more--><\/p>\n<p>Zu den Leistungen einer Unfallversicherung k\u00f6nnen unter anderem Pr\u00e4ventionsma\u00dfnahmen, Geldleistungen, Rehabilitationen, Ma\u00dfnahmen, um Folgesch\u00e4den zu beseitigen, Entsch\u00e4digungen f\u00fcr Verstorbene oder Renten sein. Oft werden zus\u00e4tzliche Dinge wie Bergungskosten, Krankenhaustagegeld, kosmetische Operationen, Leistungen bei Knochenbr\u00fcchen und vieles mehr auch als Bestandteile einer Unfallversicherung aufgenommen und helfen im Fall der F\u00e4lle, das Leben uneingeschr\u00e4nkt weiter zu f\u00fchren.<\/p>\n<p>Die Beitr\u00e4ge, die man leisten muss, um sich dieses Leistungspaket einer Unfallversicherung zu sichern, sind dabei durchaus \u00fcberschaubar. Das hei\u00dft, im Grunde kann es sich jeder leisten, einmal j\u00e4hrlich oder auch monatlich in die eigene Sicherheit und in die seiner Familie zu investieren. Eine Unfallversicherung ist eine von den Dingen, die jeder besitzen sollte, nicht zuletzt, um seiner Familie weiter zu helfen, wenn ein Unfalltod eingetreten ist.<\/p>\n","protected":false},"excerpt":{"rendered":"<p>powered by finanzen.de AGB und Datenschutz von finanzen.de Unf\u00e4lle k\u00f6nnen immer und \u00fcberall passieren, das wissen Sie sicher. Aber sind Sie auch abgesichert f\u00fcr einen solchen Fall? Eine Unfallversicherung ist genau das, was man&#46;&#46;&#46;<\/p>\n","protected":false},"author":2,"featured_media":0,"parent":0,"menu_order":0,"comment_status":"open","ping_status":"open","template":"","meta":[],"_links":{"self":[{"href":"http:\/\/gambylzoone.com\/index.php?rest_route=\/wp\/v2\/pages\/509"}],"collection":[{"href":"http:\/\/gambylzoone.com\/index.php?rest_route=\/wp\/v2\/pages"}],"about":[{"href":"http:\/\/gambylzoone.com\/index.php?rest_route=\/wp\/v2\/types\/page"}],"author":[{"embeddable":true,"href":"http:\/\/gambylzoone.com\/index.php?rest_route=\/wp\/v2\/users\/2"}],"replies":[{"embeddable":true,"href":"http:\/\/gambylzoone.com\/index.php?rest_route=%2Fwp%2Fv2%2Fcomments&post=509"}],"version-history":[{"count":6,"href":"http:\/\/gambylzoone.com\/index.php?rest_route=\/wp\/v2\/pages\/509\/revisions"}],"predecessor-version":[{"id":4047,"href":"http:\/\/gambylzoone.com\/index.php?rest_route=\/wp\/v2\/pages\/509\/revisions\/4047"}],"wp:attachment":[{"href":"http:\/\/gambylzoone.com\/index.php?rest_route=%2Fwp%2Fv2%2Fmedia&parent=509"}],"curies":[{"name":"wp","href":"https:\/\/api.w.org\/{rel}","templated":true}]}}