{"id":488,"date":"2014-06-23T10:54:20","date_gmt":"2014-06-23T08:54:20","guid":{"rendered":"http:\/\/build.gambylzoone.com\/?page_id=488"},"modified":"2014-07-05T10:41:54","modified_gmt":"2014-07-05T08:41:54","slug":"oekostrom","status":"publish","type":"page","link":"http:\/\/gambylzoone.com\/?page_id=488","title":{"rendered":"\u00d6kostrom"},"content":{"rendered":"<h10>Die erneuerbaren Energien (\u00d6kostrom) sind der Shootingstar in der Stromerzeugung.<\/h10>\n<p>Die erneuerbaren Energien (\u00d6kostrom) sind der Shootingstar in der Stromerzeugung. Neben Braunkohle sind sie die wichtigste heimische Energiequelle. Der L\u00f6wenanteil im Jahr 2007 entfiel auf die 20.000 Windr\u00e4der mit 6,2 Prozent der Stromerzeugung \u2013 was einem Zuwachs zum Vorjahr von 29 Prozent entspricht. Strom aus Wasserkraft erreichte 3,2 Prozent der gesamten Erzeugung, knapp vor der Biomasse (3,1 Prozent). Der Anteil aus Sonnenlichtenergie erreichte 0,5 Prozent der Gesamterzeugung und der aus der M\u00fcllverbrennung 0,6 Prozent, wobei allerdings fossile Brennstoffe dort beigemischt werden. Der Anteil aus Sonnenlichtenergie erreichte 0,5 Prozent der Gesamterzeugung und der aus der M\u00fcllverbrennung 0,6 Prozent, wobei allerdings auch fossile Brennstoffe dort beigemischt werden.<!--more--><\/p>\n<p>Der Anteil regenerativer Quellen an der deutschen Stromversorgung solll nach dem Klima- und Energieprogramm der Bundesregierung bis 2020 massiv ausgebaut werden.<br \/>\nWind, Wasser, Sonne und Biomassen sollen 30 Prozent der Stromnachfrage decken, weitere 25 Prozent mit Kraft-W\u00e4rme-Kopplung (KWK) erzeugt werden. Mit der KWK-Technologie kann Strom und W\u00e4rme zugleich gewonnen werden, was besonders effizient ist. Der Zugewinn soll den Wegfall der Kernenergie ausgleichen, die in Deutschland im Jahre 2022 vom Netz gehen soll. Zudem soll der Verbrauch von Stein- und Braunkohle sinken, auch weil der Stromverbrauch insgesamt kleiner werden soll, indem Industrie und Haushalte Strom noch effizienter einsetzen.<\/p>\n<p>Jeder, der sich daf\u00fcr entscheidet, \u00d6kostrom zu beziehen, tr\u00e4gt dazu bei, den Atomstromanteil an der Energieversorgung zu senken und den Treibhauseffekt zu reduzieren. Vergleiche haben gezeigt, dass \u00d6kostrom oftmals g\u00fcnstiger ist als der herk\u00f6mmliche Strom. So kann Geld gespart und gleichzeitig die Umwelt gesch\u00fctzt werden.<\/p>\n<p>Zu den bekanntesten \u00d6kostromanbietern in Deutschland z\u00e4hlen Lichtblick, Greenpeace Energy, EW Sch\u00f6nau, Entega und die Strommixer. Mittlerweile haben jedoch fast alle gr\u00f6\u00dferen Stromanbieter \u00d6kostromtarife in ihr Angebot mit aufgenommen. Welcher \u00d6kostromanbieter am g\u00fcnstigsten ist, erf\u00e4hren Sie am schnellsten mit unserem Vergleichsrechner.<\/p>\n","protected":false},"excerpt":{"rendered":"<p>Die erneuerbaren Energien (\u00d6kostrom) sind der Shootingstar in der Stromerzeugung. Die erneuerbaren Energien (\u00d6kostrom) sind der Shootingstar in der Stromerzeugung. Neben Braunkohle sind sie die wichtigste heimische Energiequelle. Der L\u00f6wenanteil im Jahr 2007 entfiel&#46;&#46;&#46;<\/p>\n","protected":false},"author":2,"featured_media":0,"parent":0,"menu_order":0,"comment_status":"open","ping_status":"open","template":"","meta":[],"_links":{"self":[{"href":"http:\/\/gambylzoone.com\/index.php?rest_route=\/wp\/v2\/pages\/488"}],"collection":[{"href":"http:\/\/gambylzoone.com\/index.php?rest_route=\/wp\/v2\/pages"}],"about":[{"href":"http:\/\/gambylzoone.com\/index.php?rest_route=\/wp\/v2\/types\/page"}],"author":[{"embeddable":true,"href":"http:\/\/gambylzoone.com\/index.php?rest_route=\/wp\/v2\/users\/2"}],"replies":[{"embeddable":true,"href":"http:\/\/gambylzoone.com\/index.php?rest_route=%2Fwp%2Fv2%2Fcomments&post=488"}],"version-history":[{"count":3,"href":"http:\/\/gambylzoone.com\/index.php?rest_route=\/wp\/v2\/pages\/488\/revisions"}],"predecessor-version":[{"id":1012,"href":"http:\/\/gambylzoone.com\/index.php?rest_route=\/wp\/v2\/pages\/488\/revisions\/1012"}],"wp:attachment":[{"href":"http:\/\/gambylzoone.com\/index.php?rest_route=%2Fwp%2Fv2%2Fmedia&parent=488"}],"curies":[{"name":"wp","href":"https:\/\/api.w.org\/{rel}","templated":true}]}}