{"id":471,"date":"2014-06-23T10:34:09","date_gmt":"2014-06-23T08:34:09","guid":{"rendered":"http:\/\/build.gambylzoone.com\/?page_id=471"},"modified":"2018-05-24T19:11:24","modified_gmt":"2018-05-24T18:11:24","slug":"lebensversicherung","status":"publish","type":"page","link":"http:\/\/gambylzoone.com\/?page_id=471","title":{"rendered":"Lebensversicherung"},"content":{"rendered":"<p> <span style=\"font-family:Arial; font-size:10px\">powered by <\/span><\/p>\n<p><span style=\"color: #000080;\"><strong>Lebensversicherung<\/strong><\/span><\/p>\n<p>Eine Lebensversicherung ist eine sehr sinnvolle Sache, \u00fcber die jeder nachdenken sollte. Eine Lebensversicherung sichert das Todesfallrisiko oder aber auch das Langlebigkeitsrisiko der einzelnen Versicherten ab. Meistens wird ein bestimmter Betrag festgelegt, der im Todesfall des Versicherten zur Auszahlung kommt, oder aber dem Versicherten bei Vertragsende ausgezahlt wird.<br \/>\nErlebt man das Ende seiner Lebensversicherung und erh\u00e4lt die Versicherungssumme, dann hat man gleichzeitig etwas f\u00fcr seine Altersvorsorge getan. Tritt der Tod fr\u00fchzeitig ein und die Versicherungsleistung wird f\u00e4llig, dann hat man etwas f\u00fcr die Versorgung der Hinterbliebenen getan.<!--more--><\/p>\n<p>Je nach Art der Lebensversicherung k\u00f6nnen auch schwere Krankheiten, Berufsunf\u00e4higkeit oder auch andere Gefahren, die mit dem menschlichen Leben zusammen h\u00e4ngen, versichert sein.<\/p>\n<p>Auf jeden Fall ist eine Lebensversicherung eine Investition des Einzelnen, die sich lohnt. Denn neben der Vertragsleistung, die zur Auszahlung, kauft man sich ein St\u00fcck Sicherheit \u2013 ein St\u00fcck Sicherheit, die man selbst und die Kinder unbedingt brauchen. Denken Sie auch an Ihre Zukunft!<\/p>\n","protected":false},"excerpt":{"rendered":"<p>powered by Lebensversicherung Eine Lebensversicherung ist eine sehr sinnvolle Sache, \u00fcber die jeder nachdenken sollte. Eine Lebensversicherung sichert das Todesfallrisiko oder aber auch das Langlebigkeitsrisiko der einzelnen Versicherten ab. Meistens wird ein bestimmter Betrag&#46;&#46;&#46;<\/p>\n","protected":false},"author":2,"featured_media":0,"parent":0,"menu_order":0,"comment_status":"open","ping_status":"open","template":"","meta":[],"_links":{"self":[{"href":"http:\/\/gambylzoone.com\/index.php?rest_route=\/wp\/v2\/pages\/471"}],"collection":[{"href":"http:\/\/gambylzoone.com\/index.php?rest_route=\/wp\/v2\/pages"}],"about":[{"href":"http:\/\/gambylzoone.com\/index.php?rest_route=\/wp\/v2\/types\/page"}],"author":[{"embeddable":true,"href":"http:\/\/gambylzoone.com\/index.php?rest_route=\/wp\/v2\/users\/2"}],"replies":[{"embeddable":true,"href":"http:\/\/gambylzoone.com\/index.php?rest_route=%2Fwp%2Fv2%2Fcomments&post=471"}],"version-history":[{"count":5,"href":"http:\/\/gambylzoone.com\/index.php?rest_route=\/wp\/v2\/pages\/471\/revisions"}],"predecessor-version":[{"id":4019,"href":"http:\/\/gambylzoone.com\/index.php?rest_route=\/wp\/v2\/pages\/471\/revisions\/4019"}],"wp:attachment":[{"href":"http:\/\/gambylzoone.com\/index.php?rest_route=%2Fwp%2Fv2%2Fmedia&parent=471"}],"curies":[{"name":"wp","href":"https:\/\/api.w.org\/{rel}","templated":true}]}}