{"id":463,"date":"2014-06-23T10:26:33","date_gmt":"2014-06-23T08:26:33","guid":{"rendered":"http:\/\/build.gambylzoone.com\/?page_id=463"},"modified":"2018-05-24T19:43:01","modified_gmt":"2018-05-24T18:43:01","slug":"riester-rente","status":"publish","type":"page","link":"http:\/\/gambylzoone.com\/?page_id=463","title":{"rendered":"Riester-Rente"},"content":{"rendered":"<p> <span style=\"font-family:Arial; font-size:10px\">powered by <\/span><\/p>\n<p><span style=\"color: #000080;\"><strong>Riester Rente<\/strong><\/span><\/p>\n<p>Die Riester Rente ist eine vom Staat gef\u00f6rderte Form der Altersvorsorge. Zur freiwilligen Altersvorsorge, \u00fcber die sich jeder ernsthafte Gedanken machen muss, kommt eine Altersvorsorgezulage, die von Walter Riester ins Leben gerufen wurde. Daher hat die Riester Rente auch ihren Namen. Anfangs etwas argw\u00f6hnisch betrachtet und nur von wenigen genutzt, hat sich die Riester Rente als eine sinnvolle Anlagem\u00f6glichkeit erwiesen, der immer mehr Menschen mit offenen Ohren gegen\u00fcber stehen.<!--more--><\/p>\n<p>Nicht zuletzt weil die gesetzliche Rente immer weiter schrumpft, sollte man die Riester Rente, die in der Geschichte der Sozialversicherungen einen ganz neuen Weg beschreitet, durchaus nutzen. Die Zulage, die man dabei erh\u00e4lt, soll neben der sinnvollen Altersvorsorge auch zugleich ein Ausgleich f\u00fcr die Verluste durch die Reduzierung der gesetzlichen Rente sein.<br \/>\nDie Altersvorsorgezulage der Riester Rente kann auch f\u00fcr Bank- oder Fondsparpl\u00e4ne in Frage kommen.<br \/>\nLassen Sie sich beraten, denn Sie haben nichts zu verschenken.<\/p>\n<p><span style=\"color: #000080;\">Einige Vorteile der Riester-Rente:<\/span><\/p>\n<ul>\n<li>staatliches Steuergeschenk &#8211; eine sichere Anlage<\/li>\n<li>Schlie\u00dfen Sie Ihre Vorsorgel\u00fccke im Alter!<\/li>\n<li>Kostenloser und v\u00f6llig unverbindlicher Vergleich<\/li>\n<\/ul>\n<p>Finden Sie kostenlos die beste Riester-Rente f\u00fcr Ihre Bed\u00fcrfnisse:<br \/>\nMit der staatlich gef\u00f6rderten Riester-Rente sichern Sie sich f\u00fcr die Zukunft ab. Auf freiwilliger Basis. Das wird mit Steuerfreibetr\u00e4gen und anderen Zulagen unterst\u00fctzt. Doch auch bei der Riester-Rente gibt es Unterschiede: Wie viel F\u00f6rderung erhalten Sie? Vergleichen Sie jetzt kostenlos und v\u00f6llig unverbindlich &#8211; garantiert!<\/p>\n","protected":false},"excerpt":{"rendered":"<p>powered by Riester Rente Die Riester Rente ist eine vom Staat gef\u00f6rderte Form der Altersvorsorge. Zur freiwilligen Altersvorsorge, \u00fcber die sich jeder ernsthafte Gedanken machen muss, kommt eine Altersvorsorgezulage, die von Walter Riester ins&#46;&#46;&#46;<\/p>\n","protected":false},"author":2,"featured_media":0,"parent":0,"menu_order":0,"comment_status":"open","ping_status":"open","template":"","meta":[],"_links":{"self":[{"href":"http:\/\/gambylzoone.com\/index.php?rest_route=\/wp\/v2\/pages\/463"}],"collection":[{"href":"http:\/\/gambylzoone.com\/index.php?rest_route=\/wp\/v2\/pages"}],"about":[{"href":"http:\/\/gambylzoone.com\/index.php?rest_route=\/wp\/v2\/types\/page"}],"author":[{"embeddable":true,"href":"http:\/\/gambylzoone.com\/index.php?rest_route=\/wp\/v2\/users\/2"}],"replies":[{"embeddable":true,"href":"http:\/\/gambylzoone.com\/index.php?rest_route=%2Fwp%2Fv2%2Fcomments&post=463"}],"version-history":[{"count":8,"href":"http:\/\/gambylzoone.com\/index.php?rest_route=\/wp\/v2\/pages\/463\/revisions"}],"predecessor-version":[{"id":4040,"href":"http:\/\/gambylzoone.com\/index.php?rest_route=\/wp\/v2\/pages\/463\/revisions\/4040"}],"wp:attachment":[{"href":"http:\/\/gambylzoone.com\/index.php?rest_route=%2Fwp%2Fv2%2Fmedia&parent=463"}],"curies":[{"name":"wp","href":"https:\/\/api.w.org\/{rel}","templated":true}]}}