{"id":355,"date":"2014-06-14T20:43:29","date_gmt":"2014-06-14T18:43:29","guid":{"rendered":"http:\/\/build.gambylzoone.com\/?page_id=355"},"modified":"2018-05-24T19:30:41","modified_gmt":"2018-05-24T18:30:41","slug":"tagesgeld","status":"publish","type":"page","link":"http:\/\/gambylzoone.com\/?page_id=355","title":{"rendered":"Tagesgeld"},"content":{"rendered":"<p> <span style=\"font-family:Arial; font-size:10px\">powered by finanzen.de<\/span><\/p>\n<p><a href=\"http:\/\/gambylzoone.com\/?page_id=675\" rel=\"noopener\" target=\"_blank\">AGB und Datenschutz von finanzen.de<\/a><\/p>\n<p><center><br \/>\n<script type=\"text\/javascript\" language=\"javascript\" src=\"\/\/www.finanzen.de\/s\/financeCalc\/js\/dailyAllowances\/dailyAllowances.nocache.js\"><\/script><script type=\"text\/javascript\">\/* <![CDATA[ *\/ var finanzendePortalAuth = \"gambylzoonecom\"; var finanzendeDesignId = \"8916\"; \/* ]]> *\/<\/script><\/p>\n<div id=\"fde-calc-finance\"><\/div>\n<p><iframe src=\"javascript:''\" id=\"__gwt_historyFrame\" tabIndex='-1' style=\"position:absolute;width:0;height:0;border:0\"><\/iframe><br \/>\n<\/center><\/p>\n<p><span style=\"color: #000080;\"><strong>Tagesgeldvergleich<\/strong><\/span><\/p>\n<p style=\"text-align: left;\">Tagesgeld anzusparen ist eine sehr effektive und dabei flexible Art der Geldanlage. Viele Banken bieten sehr gute Konditionen und Konten f\u00fcr Ihr Tagesgeld. Die Liste der Vorteile beginnt mit der Geb\u00fchrenfreiheit, die ein Tagesgeld-Konto meist mit sich bringt, geht \u00fcber eine super Verzinsung mit bis zu 6% und endet bei der t\u00e4glichen Verf\u00fcgbarkeit des Geldes f\u00fcr den Verbraucher.<!--more--><\/p>\n<p style=\"text-align: left;\">Tagesgeld zu sparen ist zudem unkompliziert und geht schnell, die Zinsen werden monatlich abgerechnet, man kann zudem oft auch eine Kreditkarte erwerben. Somit eignet sich das Tagesgeld durchaus als Geldanlage und hierbei besonders f\u00fcr k\u00fcrzere Zeitr\u00e4ume.<br \/>\nWenn sich das Geld besonders risikolos vermehrt und man jederzeit darauf Zugriff hat, dann ist das einfach nur positiv. Die Zinss\u00e4tze sind auch deutlich besser als beispielsweise bei einem Sparbuch. Also, worauf warten Sie? Niemand hat etwas zu verschenken!<br \/>\nTrotzdem lohnt auch hier ein Vergleich, gerade was die Konditionen und Bedingungen der Banken angeht.<\/p>\n<p style=\"text-align: left;\">Wer hat das beste Angebot und die besten Zinsen?<\/p>\n<p style=\"text-align: left;\"><span style=\"color: #000080;\">Das beste Tagesgeld finden &#8211; Kostenlos!<\/span><\/p>\n<ul>\n<li style=\"text-align: left;\">Zinsen ab dem ersten Euro &#8211; T\u00e4gliche Verf\u00fcgbarkeit<\/li>\n<li style=\"text-align: left;\">Kostenloser Onlinevergleich mit Sofortergebnis<\/li>\n<li style=\"text-align: left;\">Alle Top Anbieter im Vergleich &#8211; T\u00e4glich aktuelle Zinss\u00e4tze<\/li>\n<li style=\"text-align: left;\">Sichere Geldanlage ohne Risiko<\/li>\n<\/ul>\n","protected":false},"excerpt":{"rendered":"<p>powered by finanzen.de AGB und Datenschutz von finanzen.de Tagesgeldvergleich Tagesgeld anzusparen ist eine sehr effektive und dabei flexible Art der Geldanlage. Viele Banken bieten sehr gute Konditionen und Konten f\u00fcr Ihr Tagesgeld. Die Liste&#46;&#46;&#46;<\/p>\n","protected":false},"author":2,"featured_media":0,"parent":0,"menu_order":0,"comment_status":"open","ping_status":"open","template":"","meta":[],"_links":{"self":[{"href":"http:\/\/gambylzoone.com\/index.php?rest_route=\/wp\/v2\/pages\/355"}],"collection":[{"href":"http:\/\/gambylzoone.com\/index.php?rest_route=\/wp\/v2\/pages"}],"about":[{"href":"http:\/\/gambylzoone.com\/index.php?rest_route=\/wp\/v2\/types\/page"}],"author":[{"embeddable":true,"href":"http:\/\/gambylzoone.com\/index.php?rest_route=\/wp\/v2\/users\/2"}],"replies":[{"embeddable":true,"href":"http:\/\/gambylzoone.com\/index.php?rest_route=%2Fwp%2Fv2%2Fcomments&post=355"}],"version-history":[{"count":11,"href":"http:\/\/gambylzoone.com\/index.php?rest_route=\/wp\/v2\/pages\/355\/revisions"}],"predecessor-version":[{"id":4029,"href":"http:\/\/gambylzoone.com\/index.php?rest_route=\/wp\/v2\/pages\/355\/revisions\/4029"}],"wp:attachment":[{"href":"http:\/\/gambylzoone.com\/index.php?rest_route=%2Fwp%2Fv2%2Fmedia&parent=355"}],"curies":[{"name":"wp","href":"https:\/\/api.w.org\/{rel}","templated":true}]}}