{"id":351,"date":"2014-06-14T20:38:13","date_gmt":"2014-06-14T18:38:13","guid":{"rendered":"http:\/\/build.gambylzoone.com\/?page_id=351"},"modified":"2018-05-24T19:33:06","modified_gmt":"2018-05-24T18:33:06","slug":"ratenkredit","status":"publish","type":"page","link":"http:\/\/gambylzoone.com\/?page_id=351","title":{"rendered":"Ratenkredit bis 10.000\u20ac"},"content":{"rendered":"<p> <span style=\"font-family:Arial; font-size:10px\">powered by finanzen.de<\/span><\/p>\n<p><a href=\"http:\/\/gambylzoone.com\/?page_id=675\" rel=\"noopener\" target=\"_blank\">AGB und Datenschutz von finanzen.de<\/a><\/p>\n<p><center><br \/>\n<script type=\"text\/javascript\" language=\"javascript\" src=\"\/\/www.finanzen.de\/s\/financeCalc\/js\/loans\/loans.nocache.js\"><\/script><script type=\"text\/javascript\">\/* <![CDATA[ *\/ var finanzendePortalAuth = \"gambylzoonecom\"; var finanzendeDesignId = \"8912\"; \/* ]]> *\/<\/script><\/p>\n<div id=\"fde-calc-finance\"><\/div>\n<p><iframe src=\"javascript:''\" id=\"__gwt_historyFrame\" tabIndex='-1' style=\"position:absolute;width:0;height:0;border:0\"><\/iframe><br \/>\n<\/center><\/p>\n<h10>Kostenlos den besten Kredit finden!<\/h10>\n<p style=\"text-align: left;\">Wenn man einen Ratenkredit nutzt, dann bekommt man die festgelegte Summe Geld und zahlt sie in festgelegten Raten zur\u00fcck. In der Summe und der Bearbeitungszeit eigentlich recht flexibel, sind Ratenkredite die ideale M\u00f6glichkeit, sich einen Wunsch zu erf\u00fcllen oder aber endlich das ausgesuchte Auto zu kaufen.<!--more--><\/p>\n<p style=\"text-align: left;\">Die R\u00fcckzahlungen, die man in der Regel monatlich t\u00e4tigt, enthalten dann die Tilgung des Ratenkredits, die Zinsen und die eventuellen Bearbeitungsgeb\u00fchren des Finanzinstituts. Wenn man ein geregeltes Einkommen hat, dann l\u00e4sst sich auf jeden Fall eine Einigung bez\u00fcglich der R\u00fcckzahlungsmodalit\u00e4ten finden. Je nachdem, wie viel Geld man im Monat investieren m\u00f6chte, bestimmt dann die Laufzeit des Ratenkredits. Dennoch lohnt auch bei Ratenkrediten ein Vergleich, denn die Unterschiede der Banken k\u00f6nnen sehr gro\u00df sein. Um die Kreditkosten leichter vergleichen zu k\u00f6nnen, sollten Sie auf den Effektivzins achten, der ohnehin Bestandteil des Vertrages \u00fcber einen Ratenkredit sein sollte. Wer ein wenig sucht und vergleicht, der findet den richtigen Ratenkredit f\u00fcr seinen Wunsch und der Wunsch ist nicht l\u00e4nger ein nur Traum.<\/p>\n<p style=\"text-align: left;\">Welcher Anbieter ist der g\u00fcnstigste?<\/p>\n<p style=\"text-align: left;\">Profitieren Sie jetzt vom Wettkampf der Kreditanbieter!<br \/>\nDer Wettkampf der Kreditanbieter hat eine neue Runde erreicht &#8211; nie waren Sofortkredite billiger!<br \/>\nBei uns k\u00f6nnen Sie sich informieren und s\u00e4mtliche Anbieter zu deren tagesaktuellen Konditionen vergleichen &#8211; inclusive Online-Sofortzusage!<\/p>\n<p style=\"text-align: left;\"><span style=\"color: #000080;\">Kostenlos den besten Kredit finden!<\/span><\/p>\n<ul>\n<li style=\"text-align: left;\">W\u00e4hlbar ist ein Kreditbetrag zwischen 500 und 50.000 Euro<\/li>\n<li style=\"text-align: left;\">Mit Sofortkredit und einer Sofortzusage<\/li>\n<li style=\"text-align: left;\">Stets die aktuellsten Zinss\u00e4tze<\/li>\n<li style=\"text-align: left;\">Alle Angebote sind kostenlos und f\u00fcr Sie unverbindlich<\/li>\n<li style=\"text-align: left;\">Vergleichen Sie jetzt ganz unverbindlich und sorgen f\u00fcr eine optimale Rate.<\/li>\n<\/ul>\n","protected":false},"excerpt":{"rendered":"<p>powered by finanzen.de AGB und Datenschutz von finanzen.de Kostenlos den besten Kredit finden! Wenn man einen Ratenkredit nutzt, dann bekommt man die festgelegte Summe Geld und zahlt sie in festgelegten Raten zur\u00fcck. In der&#46;&#46;&#46;<\/p>\n","protected":false},"author":2,"featured_media":0,"parent":0,"menu_order":0,"comment_status":"open","ping_status":"open","template":"","meta":[],"_links":{"self":[{"href":"http:\/\/gambylzoone.com\/index.php?rest_route=\/wp\/v2\/pages\/351"}],"collection":[{"href":"http:\/\/gambylzoone.com\/index.php?rest_route=\/wp\/v2\/pages"}],"about":[{"href":"http:\/\/gambylzoone.com\/index.php?rest_route=\/wp\/v2\/types\/page"}],"author":[{"embeddable":true,"href":"http:\/\/gambylzoone.com\/index.php?rest_route=\/wp\/v2\/users\/2"}],"replies":[{"embeddable":true,"href":"http:\/\/gambylzoone.com\/index.php?rest_route=%2Fwp%2Fv2%2Fcomments&post=351"}],"version-history":[{"count":15,"href":"http:\/\/gambylzoone.com\/index.php?rest_route=\/wp\/v2\/pages\/351\/revisions"}],"predecessor-version":[{"id":4031,"href":"http:\/\/gambylzoone.com\/index.php?rest_route=\/wp\/v2\/pages\/351\/revisions\/4031"}],"wp:attachment":[{"href":"http:\/\/gambylzoone.com\/index.php?rest_route=%2Fwp%2Fv2%2Fmedia&parent=351"}],"curies":[{"name":"wp","href":"https:\/\/api.w.org\/{rel}","templated":true}]}}