{"id":348,"date":"2014-06-14T20:33:57","date_gmt":"2014-06-14T18:33:57","guid":{"rendered":"http:\/\/build.gambylzoone.com\/?page_id=348"},"modified":"2018-05-24T19:24:39","modified_gmt":"2018-05-24T18:24:39","slug":"girokonto","status":"publish","type":"page","link":"http:\/\/gambylzoone.com\/?page_id=348","title":{"rendered":"Girokonto"},"content":{"rendered":"<p><span style=\"font-family: Arial; font-size: 10px;\">powered by finanzen.de<\/span><br \/>\n<a href=\"http:\/\/gambylzoone.com\/?page_id=675\" rel=\"noopener\" target=\"_blank\">AGB und Datenschutz von finanzen.de<\/a><\/p>\n<p><center><br \/>\n<script type=\"text\/javascript\" language=\"javascript\" src=\"\/\/www.finanzen.de\/s\/financeCalc\/js\/currentAccounts\/currentAccounts.nocache.js\"><\/script><script type=\"text\/javascript\">\/* <![CDATA[ *\/ var finanzendePortalAuth = \"gambylzoonecom\"; var finanzendeDesignId = \"8912\"; \/* ]]> *\/<\/script><\/center><\/p>\n<div id=\"fde-calc-finance\"><\/div>\n<p><iframe id=\"__gwt_historyFrame\" style=\"position: absolute; width: 0; height: 0; border: 0;\" tabindex=\"-1\"><\/iframe><br \/>\n<\/center><\/p>\n<p>Girokonto im Vergleich<\/p>\n<p style=\"text-align: left;\">Das Girokonto ist aus unserer heutigen schnelllebigen Zeit gar nicht mehr wegzudenken. Fast jeder hat ein Girokonto und jedem ist es somit m\u00f6glich, Eink\u00e4ufe, Rechnungen, \u00dcberweisungen, Anschaffungen, Lohnbez\u00fcge und alles weitere, was in irgendeiner Form mit Geld zu tun hat, bargeldlos und bequem zu erledigen. <!--more-->Das Girokonto wird von einer Bank oder einem Kreditinstitut gef\u00fchrt und hat f\u00fcr den Kontobesitzer nur Vorteile. Auch die Tatsache, dass es inzwischen kostenlose Girokonten gibt, zeigt, dass es mehr als zeitgem\u00e4\u00df ist, eine solches zu besitzen.<\/p>\n<p style=\"text-align: left;\">Kontoausz\u00fcge und Kostenabschl\u00fcsse liefern jederzeit den genauen \u00dcberblick \u00fcber die Finanzen. Auch das tempor\u00e4re \u00dcberziehen des Kontos, also mehr Geld auszugeben, als man eigentlich hat, ist in der Regel m\u00f6glich. Die Banken gew\u00e4hren hierbei sozusagen einen Kredit, der aber dann allerdings etwas kostet.<br \/>\nMan muss ja nicht einmal mehr zur Bank gehen, wenn man seine Geldgesch\u00e4fte erledigen m\u00f6chte, das ist auch schon von zu Hause aus per Online-Banking m\u00f6glich.<br \/>\nDie Zeiten von Lohnt\u00fcten und Barzahlung der Miete sind vorbei, er\u00f6ffnen Sie ein Girokonto, sollten Sie noch keines haben.<\/p>\n<p style=\"text-align: left;\">Bei welchem Girokonto schneiden Sie pers\u00f6nlich am besten ab?<br \/>\nVergleichen Sie Ihr Girokonto mit dem Wettbewerb!<\/p>\n<p style=\"text-align: left;\"><span style=\"color: #000080;\">Finden Sie kostenlos das beste Girokonto<\/span><\/p>\n<ul>\n<li style=\"text-align: left;\">Schneller \u00dcberblick \u00fcber die Girokonto Anbieter<\/li>\n<li style=\"text-align: left;\">G\u00fcnstige Girokonten kostenlos im Vergleich<\/li>\n<li style=\"text-align: left;\">Einfach und schnell online beantragen<\/li>\n<li style=\"text-align: left;\">Alle Angebote kostenlos und unverbindlich<\/li>\n<\/ul>\n","protected":false},"excerpt":{"rendered":"<p>powered by finanzen.de AGB und Datenschutz von finanzen.de Girokonto im Vergleich Das Girokonto ist aus unserer heutigen schnelllebigen Zeit gar nicht mehr wegzudenken. Fast jeder hat ein Girokonto und jedem ist es somit m\u00f6glich,&#46;&#46;&#46;<\/p>\n","protected":false},"author":2,"featured_media":0,"parent":0,"menu_order":0,"comment_status":"open","ping_status":"open","template":"","meta":[],"_links":{"self":[{"href":"http:\/\/gambylzoone.com\/index.php?rest_route=\/wp\/v2\/pages\/348"}],"collection":[{"href":"http:\/\/gambylzoone.com\/index.php?rest_route=\/wp\/v2\/pages"}],"about":[{"href":"http:\/\/gambylzoone.com\/index.php?rest_route=\/wp\/v2\/types\/page"}],"author":[{"embeddable":true,"href":"http:\/\/gambylzoone.com\/index.php?rest_route=\/wp\/v2\/users\/2"}],"replies":[{"embeddable":true,"href":"http:\/\/gambylzoone.com\/index.php?rest_route=%2Fwp%2Fv2%2Fcomments&post=348"}],"version-history":[{"count":15,"href":"http:\/\/gambylzoone.com\/index.php?rest_route=\/wp\/v2\/pages\/348\/revisions"}],"predecessor-version":[{"id":4028,"href":"http:\/\/gambylzoone.com\/index.php?rest_route=\/wp\/v2\/pages\/348\/revisions\/4028"}],"wp:attachment":[{"href":"http:\/\/gambylzoone.com\/index.php?rest_route=%2Fwp%2Fv2%2Fmedia&parent=348"}],"curies":[{"name":"wp","href":"https:\/\/api.w.org\/{rel}","templated":true}]}}