{"id":345,"date":"2014-06-14T20:29:17","date_gmt":"2014-06-14T18:29:17","guid":{"rendered":"http:\/\/build.gambylzoone.com\/?page_id=345"},"modified":"2018-05-24T19:32:28","modified_gmt":"2018-05-24T18:32:28","slug":"geldanlage-und-fonds","status":"publish","type":"page","link":"http:\/\/gambylzoone.com\/?page_id=345","title":{"rendered":"Geldanlage und Fonds"},"content":{"rendered":"<p> <span style=\"font-family:Arial; font-size:10px\">powered by finanzen.de<\/span><\/p>\n<p><a href=\"http:\/\/gambylzoone.com\/?page_id=675\" rel=\"noopener\" target=\"_blank\">AGB und Datenschutz von finanzen.de<\/a><\/p>\n<p><center><\/p>\n<div id=\"fde-slot-am-1405952267\"><\/div>\n<p><script type=\"text\/javascript\">\/* <![CDATA[ *\/ var fde = fde || []; fde.push([{ \"slotId\" : \"1405952267\" },{ \"siteKey\" : \"gambylzoonecom\" },{ \"designId\" : \"8916\" },{ \"contentType\" : \"tariffCalcGwt\" },{ \"productId\" : \"24\" },{ \"affiliateCampaignCode\" : \"\" } ]); var fdeJsHost = ((\"https:\" == document.location.protocol) ? \"https:\/\/\" : \"http:\/\/\"); document.write(unescape(\"%3Cscript src='\" + fdeJsHost + \"www.finanzen.de\/s\/cms\/js\/fdeam\/fdeam.nocache.js' type='text\/javascript'%3E%3C\/script%3E\"));\/* ]]> *\/<\/script><iframe src=\"javascript:''\" id='__gwt_historyFrame' style='position:absolute;width:0;height:0;border:0'><\/iframe><br \/>\n<\/center><\/p>\n<h10>Fonds &#8211; Das Beste f\u00fcr Ihr Geld<\/h10>\n<p style=\"text-align: left;\">Geldanlagen gibt es viele, so zum Beispiel Tagesgeld, Sparb\u00fccher, Immobilien, Edelmetalle, M\u00fcnzen, Kapitallebensversicherungen oder auch Investmentfonds. Eine Geldanlage ist eine Investition von Geld mit dem Ziel, einen Wertzuwachs zu erhalten oder einen Ertrag zu erwirtschaften. Man legt also sein Geld bei Seite, hat es in dem Moment nicht zur Verf\u00fcgung und wird daf\u00fcr mit der so genannten Rendite belohnt. Das Geld vermehrt sich also, und das ist f\u00fcr jedermann empfehlenswert.<!--more--><\/p>\n<p style=\"text-align: left;\">Eine besondere Form der Geldanlage sind die so genannten Investmentfonds. Kapitalanlagegesellschaften erwerben Aktien, Wertpapiere oder Pfandbriefe und haben somit ein Sonderverm\u00f6gen, auch Fond genannt. In diesen Fond kann man sich nun einkaufen und besitzt damit auch einen Anteil. Die Gelder werden dann verstreut eingesetzt und somit auch das Risiko von Fehlinvestitionen oder Verlusten minimiert. Eine gro\u00dfe Gemeinschaft investiert mit diesen Investmentfonds praktisch gemeinsam. Die Kurssteigungen und damit die Zinsen, Dividenden oder auch Kursgewinne aus dem Fondsverm\u00f6gen \u00fcberwiegen, so dass man gar kein Geld verlieren kann. Investmentfonds sind die ideale Geldanlage f\u00fcr alle, die ein paar Euros investieren m\u00f6chten, dabei maximalen Gewinn herausholen m\u00f6chten und das Risiko von fallenden Aktien umgehen wollen.<\/p>\n<p style=\"text-align: left;\"><span style=\"color: #000080;\">Ersparen Sie sich die Qual der Wahl &#8211; Richtig anlegen&#8230;<\/span><\/p>\n<p style=\"text-align: left;\">Es gibt ein simples Rezept, um Gewinnchancen zu optimieren und Risiken zu minimieren. Es hei\u00dft mit einem Wort: Mischung. Von Fachleuten Diversifikation genannt.<\/p>\n<p style=\"text-align: left;\"><span style=\"color: #000080;\">Den besten Fonds finden &#8211; Kostenlos!<\/span><\/p>\n<ul>\n<li style=\"text-align: left;\">Es gibt Hunderte Arten von Fonds und Aktien. Welche sind gut?<\/li>\n<li style=\"text-align: left;\">Wie sollten Sie Ihr Geld am besten anlegen?<\/li>\n<li style=\"text-align: left;\">Welche Art von Fonds passt \u00fcberhaupt zu Ihnen?<\/li>\n<li style=\"text-align: left;\">Kostenloser und unverbindlicher Vorschlag und Beratung!<\/li>\n<\/ul>\n","protected":false},"excerpt":{"rendered":"<p>powered by finanzen.de AGB und Datenschutz von finanzen.de Fonds &#8211; Das Beste f\u00fcr Ihr Geld Geldanlagen gibt es viele, so zum Beispiel Tagesgeld, Sparb\u00fccher, Immobilien, Edelmetalle, M\u00fcnzen, Kapitallebensversicherungen oder auch Investmentfonds. Eine Geldanlage ist&#46;&#46;&#46;<\/p>\n","protected":false},"author":2,"featured_media":0,"parent":0,"menu_order":0,"comment_status":"open","ping_status":"open","template":"","meta":[],"_links":{"self":[{"href":"http:\/\/gambylzoone.com\/index.php?rest_route=\/wp\/v2\/pages\/345"}],"collection":[{"href":"http:\/\/gambylzoone.com\/index.php?rest_route=\/wp\/v2\/pages"}],"about":[{"href":"http:\/\/gambylzoone.com\/index.php?rest_route=\/wp\/v2\/types\/page"}],"author":[{"embeddable":true,"href":"http:\/\/gambylzoone.com\/index.php?rest_route=\/wp\/v2\/users\/2"}],"replies":[{"embeddable":true,"href":"http:\/\/gambylzoone.com\/index.php?rest_route=%2Fwp%2Fv2%2Fcomments&post=345"}],"version-history":[{"count":12,"href":"http:\/\/gambylzoone.com\/index.php?rest_route=\/wp\/v2\/pages\/345\/revisions"}],"predecessor-version":[{"id":4030,"href":"http:\/\/gambylzoone.com\/index.php?rest_route=\/wp\/v2\/pages\/345\/revisions\/4030"}],"wp:attachment":[{"href":"http:\/\/gambylzoone.com\/index.php?rest_route=%2Fwp%2Fv2%2Fmedia&parent=345"}],"curies":[{"name":"wp","href":"https:\/\/api.w.org\/{rel}","templated":true}]}}