{"id":263,"date":"2014-06-13T09:46:50","date_gmt":"2014-06-13T07:46:50","guid":{"rendered":"http:\/\/build.gambylzoone.com\/?page_id=263"},"modified":"2018-05-24T19:50:46","modified_gmt":"2018-05-24T18:50:46","slug":"wohngebaeudeversicherung","status":"publish","type":"page","link":"http:\/\/gambylzoone.com\/?page_id=263","title":{"rendered":"Wohngeb\u00e4ude &#8211; Versicherung"},"content":{"rendered":"<p> <span style=\"font-family:Arial; font-size:10px\">powered by finanzen.de<\/span><\/p>\n<p><a href=\"http:\/\/gambylzoone.com\/?page_id=675\" rel=\"noopener\" target=\"_blank\">AGB und Datenschutz von finanzen.de<\/a><\/p>\n<p><center><\/p>\n<div id=\"fde-slot-am-1405974072\"><\/div>\n<p><script type=\"text\/javascript\">\/* <![CDATA[ *\/ var fde = fde || []; fde.push([{ \"slotId\" : \"1405974072\" },{ \"siteKey\" : \"gambylzoonecom\" },{ \"designId\" : \"8912\" },{ \"contentType\" : \"tariffCalcGwt\" },{ \"productId\" : \"14\" },{ \"affiliateCampaignCode\" : \"\" } ]); var fdeJsHost = ((\"https:\" == document.location.protocol) ? \"https:\/\/\" : \"http:\/\/\"); document.write(unescape(\"%3Cscript src='\" + fdeJsHost + \"www.finanzen.de\/s\/cms\/js\/fdeam\/fdeam.nocache.js' type='text\/javascript'%3E%3C\/script%3E\"));\/* ]]> *\/<\/script><iframe src=\"javascript:''\" id='__gwt_historyFrame' style='position:absolute;width:0;height:0;border:0'><\/iframe><br \/>\n<\/center><\/p>\n<p><span style=\"color: #000080;\"><strong>Wohngeb\u00e4udeversicherung<\/strong><\/span><\/p>\n<p>F\u00fcr Hausbesitzer ist eine Wohngeb\u00e4udeversicherung eigentlich unverzichtbar, um keine b\u00f6sen \u00dcberraschungen zu erleben. Es k\u00f6nnen sehr schnell unkalkulierbare Risiken am eigenen Haus und Grundst\u00fcck entstehen, zum Beispiel durch Feuer, Sturm oder Unwetter. Eine Wohngeb\u00e4udeversicherung sichert Sch\u00e4den ab, die durch Feuer, Blitzschlag, Hagel, Leitungswasser und Sturm entstehen. Au\u00dferdem gibt es sehr viele Zusatzrisiken, die man absichern kann. Da gibt es zum Beispiel \u00dcberspannungssch\u00e4den, Feuernutzw\u00e4rmesch\u00e4den, also vielleicht ein Kaminbrand, Sch\u00e4den durch Fahrzeuganprall, die versichert sein k\u00f6nnen, wenn man an einer viel befahrenen Stra\u00dfe wohnt, oder auch Bruchsch\u00e4den an Armaturen. Ebenso k\u00f6nnen Dekontaminationskosten Bestandteil der Wohngeb\u00e4udeversicherung sein oder aber auch die Gefahr, die durch Wasser in Aquarien, Wasserbetten oder Regenfallrohren entsteht. Die richtige Wohngeb\u00e4udeversicherung bietet auch Schutz, wenn es um Hotelkosten, Geb\u00e4udebesch\u00e4digungen, Vandalismus und Elementarsch\u00e4den, wie \u00dcberschwemmung, Erdbeben oder Schneedruck geht.<!--more--><\/p>\n<p>Lassen Sie sich beraten, achten Sie aber unbedingt darauf, dass Sie sich auf keinen Fall unterversichern. Mit der richtigen Wohngeb\u00e4udeversicherung k\u00f6nnen Sie beruhigt einschlafen, statt b\u00f6se zu erwachen.<\/p>\n","protected":false},"excerpt":{"rendered":"<p>powered by finanzen.de AGB und Datenschutz von finanzen.de Wohngeb\u00e4udeversicherung F\u00fcr Hausbesitzer ist eine Wohngeb\u00e4udeversicherung eigentlich unverzichtbar, um keine b\u00f6sen \u00dcberraschungen zu erleben. Es k\u00f6nnen sehr schnell unkalkulierbare Risiken am eigenen Haus und Grundst\u00fcck entstehen,&#46;&#46;&#46;<\/p>\n","protected":false},"author":2,"featured_media":0,"parent":0,"menu_order":0,"comment_status":"open","ping_status":"open","template":"","meta":[],"_links":{"self":[{"href":"http:\/\/gambylzoone.com\/index.php?rest_route=\/wp\/v2\/pages\/263"}],"collection":[{"href":"http:\/\/gambylzoone.com\/index.php?rest_route=\/wp\/v2\/pages"}],"about":[{"href":"http:\/\/gambylzoone.com\/index.php?rest_route=\/wp\/v2\/types\/page"}],"author":[{"embeddable":true,"href":"http:\/\/gambylzoone.com\/index.php?rest_route=\/wp\/v2\/users\/2"}],"replies":[{"embeddable":true,"href":"http:\/\/gambylzoone.com\/index.php?rest_route=%2Fwp%2Fv2%2Fcomments&post=263"}],"version-history":[{"count":18,"href":"http:\/\/gambylzoone.com\/index.php?rest_route=\/wp\/v2\/pages\/263\/revisions"}],"predecessor-version":[{"id":4051,"href":"http:\/\/gambylzoone.com\/index.php?rest_route=\/wp\/v2\/pages\/263\/revisions\/4051"}],"wp:attachment":[{"href":"http:\/\/gambylzoone.com\/index.php?rest_route=%2Fwp%2Fv2%2Fmedia&parent=263"}],"curies":[{"name":"wp","href":"https:\/\/api.w.org\/{rel}","templated":true}]}}