{"id":261,"date":"2014-06-13T09:46:22","date_gmt":"2014-06-13T07:46:22","guid":{"rendered":"http:\/\/build.gambylzoone.com\/?page_id=261"},"modified":"2018-05-24T19:50:19","modified_gmt":"2018-05-24T18:50:19","slug":"hausratversicherung","status":"publish","type":"page","link":"http:\/\/gambylzoone.com\/?page_id=261","title":{"rendered":"Hausratversicherung"},"content":{"rendered":"<p> <span style=\"font-family:Arial; font-size:10px\">powered by finanzen.de<\/span><\/p>\n<p><a href=\"http:\/\/gambylzoone.com\/?page_id=675\" rel=\"noopener\" target=\"_blank\">AGB und Datenschutz von finanzen.de<\/a><\/p>\n<p><center><\/p>\n<div id=\"fde-slot-am-1405973978\"><\/div>\n<p><script type=\"text\/javascript\">\/* <![CDATA[ *\/ var fde = fde || []; fde.push([{ \"slotId\" : \"1405973978\" },{ \"siteKey\" : \"gambylzoonecom\" },{ \"designId\" : \"8912\" },{ \"contentType\" : \"tariffCalcGwt\" },{ \"productId\" : \"13\" },{ \"affiliateCampaignCode\" : \"\" } ]); var fdeJsHost = ((\"https:\" == document.location.protocol) ? \"https:\/\/\" : \"http:\/\/\"); document.write(unescape(\"%3Cscript src='\" + fdeJsHost + \"www.finanzen.de\/s\/cms\/js\/fdeam\/fdeam.nocache.js' type='text\/javascript'%3E%3C\/script%3E\"));\/* ]]> *\/<\/script><iframe src=\"javascript:''\" id='__gwt_historyFrame' style='position:absolute;width:0;height:0;border:0'><\/iframe><br \/>\n<\/center><\/p>\n<p><span style=\"color: #000080;\"><strong>Hausratversicherung<\/strong><\/span><\/p>\n<p>Eine Hausratversicherung bietet Schutz f\u00fcr alle Einrichtungsgegenst\u00e4nde, Verbrauchs- und Gebrauchsgegenst\u00e4nde in einem Haushalt. Alles bewegliche, was man im Haus hat, z\u00e4hlt dazu. Angefangen bei M\u00f6beln und Radios \u00fcber Teppiche, Kleidung und M\u00fcnzen bis hin zu Lebensmitteln und Putzutensilien. Gefahr f\u00fcr alle diese Dinge, gegen die dann auch die Hausratversicherung abgeschlossen wird, geht zum Beispiel von Feuer, Diebstahl, Wasser, Hagel, Schnee oder Vandalismus aus. Eine Hausratversicherung hat also durchaus ihren Sinn, dar\u00fcber sollte jeder nachdenken, bevor er vor einem Scherbenhaufen steht und kein Geld hat, um eine neue Vase zu kaufen.<\/p>\n<p>Auch zus\u00e4tzliche Dinge wie zum Beispiel ein Diebstahl von Fahrr\u00e4dern oder auch \u00dcberspannungssch\u00e4den lassen sich in den Vertrag einer Hausratversicherung aufnehmen.<!--more--><\/p>\n<p>Aber ganz wichtig bei Hausratversicherungen ist es, darauf zu achten, dass man sich nicht unterversichert. Denn die Versicherung zahlt auch nur die festgelegte Summe. Wenn Ihr Hausrat einen Wert von 150000\u20ac hat und Sie nur f\u00fcr 70000\u20ac versichert sind, dann bekommen Sie auch nur die 70000\u20ac, das sollte man sich \u00fcberlegen.<\/p>\n<p>Die Beitr\u00e4ge h\u00e4ngen von verschiedenen Faktoren, wie der Versicherungssumme, den individuellen zus\u00e4tzlichen Vertragsbestandteilen und der Lage der versicherten Wohnung ab.<br \/>\nAber ein paar Euros sollte man investieren, wenn man dann davor bewahrt wird, vor dem Nichts zu stehen.<\/p>\n","protected":false},"excerpt":{"rendered":"<p>powered by finanzen.de AGB und Datenschutz von finanzen.de Hausratversicherung Eine Hausratversicherung bietet Schutz f\u00fcr alle Einrichtungsgegenst\u00e4nde, Verbrauchs- und Gebrauchsgegenst\u00e4nde in einem Haushalt. Alles bewegliche, was man im Haus hat, z\u00e4hlt dazu. Angefangen bei M\u00f6beln&#46;&#46;&#46;<\/p>\n","protected":false},"author":2,"featured_media":0,"parent":0,"menu_order":0,"comment_status":"open","ping_status":"open","template":"","meta":[],"_links":{"self":[{"href":"http:\/\/gambylzoone.com\/index.php?rest_route=\/wp\/v2\/pages\/261"}],"collection":[{"href":"http:\/\/gambylzoone.com\/index.php?rest_route=\/wp\/v2\/pages"}],"about":[{"href":"http:\/\/gambylzoone.com\/index.php?rest_route=\/wp\/v2\/types\/page"}],"author":[{"embeddable":true,"href":"http:\/\/gambylzoone.com\/index.php?rest_route=\/wp\/v2\/users\/2"}],"replies":[{"embeddable":true,"href":"http:\/\/gambylzoone.com\/index.php?rest_route=%2Fwp%2Fv2%2Fcomments&post=261"}],"version-history":[{"count":8,"href":"http:\/\/gambylzoone.com\/index.php?rest_route=\/wp\/v2\/pages\/261\/revisions"}],"predecessor-version":[{"id":4050,"href":"http:\/\/gambylzoone.com\/index.php?rest_route=\/wp\/v2\/pages\/261\/revisions\/4050"}],"wp:attachment":[{"href":"http:\/\/gambylzoone.com\/index.php?rest_route=%2Fwp%2Fv2%2Fmedia&parent=261"}],"curies":[{"name":"wp","href":"https:\/\/api.w.org\/{rel}","templated":true}]}}