{"id":1948,"date":"2014-07-27T20:56:21","date_gmt":"2014-07-27T18:56:21","guid":{"rendered":"http:\/\/gambylzoone.com\/?page_id=1948"},"modified":"2023-10-19T09:04:19","modified_gmt":"2023-10-19T08:04:19","slug":"communities-und-netzwerke","status":"publish","type":"page","link":"http:\/\/gambylzoone.com\/?page_id=1948","title":{"rendered":"Communities und Netzwerke"},"content":{"rendered":"<p><a style=\"font-size: 12px; color: black;\" title=\"zur\u00fcck zur Kategorienauswahl\" href=\"\/?page_id=1047\">zur\u00fcck zur Kategorienauswahl<\/a><\/p>\n<p><!-- Businesspl\u00e4ne f\u00fcr Existenzgr\u00fcnder --AW-D--><\/p>\n<div style=\"float: left; margin: 10px; width: 300px; height: 250px;\" title=\"Businesspl\u00e4ne f\u00fcr Existenzgr\u00fcnder\"><\/div>\n<p><!-- XING --AW-D--><\/p>\n<div style=\"float: left; margin: 10px; width: 300px; height: 250px;\" title=\"XING\"><\/div>\n<div style=\"float: left; margin: 10px; width: 300px; height: 250px;\" title=\"Job Scout 24\"><noscript>&lt;a href=&#8220;http:\/\/partners.webmasterplan.com\/click.asp?ref=702780&amp;site=2769&amp;type=b67&amp;bnb=67&#8243; target=&#8220;_blank&#8220;&gt;&lt;br \/&gt;<br \/>\n&lt;img src=&#8220;http:\/\/banners.webmasterplan.com\/view.asp?ref=702780&amp;site=2769&amp;b=67&#8243; border=&#8220;0&#8243; title=&#8220;JobScout24&#8243; alt=&#8220;JobScout24&#8243; width=&#8220;300&#8243; height=&#8220;250&#8243; \/&gt;&lt;\/a&gt;<\/noscript><\/div>\n","protected":false},"excerpt":{"rendered":"<p>zur\u00fcck zur Kategorienauswahl &lt;a href=&#8220;http:\/\/partners.webmasterplan.com\/click.asp?ref=702780&amp;site=2769&amp;type=b67&amp;bnb=67&#8243; target=&#8220;_blank&#8220;&gt;&lt;br \/&gt; &lt;img src=&#8220;http:\/\/banners.webmasterplan.com\/view.asp?ref=702780&amp;site=2769&amp;b=67&#8243; border=&#8220;0&#8243; title=&#8220;JobScout24&#8243; alt=&#8220;JobScout24&#8243; width=&#8220;300&#8243; height=&#8220;250&#8243; \/&gt;&lt;\/a&gt;<\/p>\n","protected":false},"author":2,"featured_media":0,"parent":0,"menu_order":0,"comment_status":"open","ping_status":"open","template":"","meta":[],"_links":{"self":[{"href":"http:\/\/gambylzoone.com\/index.php?rest_route=\/wp\/v2\/pages\/1948"}],"collection":[{"href":"http:\/\/gambylzoone.com\/index.php?rest_route=\/wp\/v2\/pages"}],"about":[{"href":"http:\/\/gambylzoone.com\/index.php?rest_route=\/wp\/v2\/types\/page"}],"author":[{"embeddable":true,"href":"http:\/\/gambylzoone.com\/index.php?rest_route=\/wp\/v2\/users\/2"}],"replies":[{"embeddable":true,"href":"http:\/\/gambylzoone.com\/index.php?rest_route=%2Fwp%2Fv2%2Fcomments&post=1948"}],"version-history":[{"count":11,"href":"http:\/\/gambylzoone.com\/index.php?rest_route=\/wp\/v2\/pages\/1948\/revisions"}],"predecessor-version":[{"id":4194,"href":"http:\/\/gambylzoone.com\/index.php?rest_route=\/wp\/v2\/pages\/1948\/revisions\/4194"}],"wp:attachment":[{"href":"http:\/\/gambylzoone.com\/index.php?rest_route=%2Fwp%2Fv2%2Fmedia&parent=1948"}],"curies":[{"name":"wp","href":"https:\/\/api.w.org\/{rel}","templated":true}]}}