{"id":14,"date":"2014-06-12T13:42:22","date_gmt":"2014-06-12T11:42:22","guid":{"rendered":"http:\/\/build.gambylzoone.com\/?page_id=14"},"modified":"2018-05-23T13:35:54","modified_gmt":"2018-05-23T12:35:54","slug":"merchandise","status":"publish","type":"page","link":"http:\/\/gambylzoone.com\/?page_id=14","title":{"rendered":"Spreadshirtshop"},"content":{"rendered":"<div><a title=\"Spreadshirt-Konfigurator\" href=\"http:\/\/774954.spreadshirt.de\/\" target=\"_blank\" rel=\"noopener\"><img loading=\"lazy\" class=\"alignleft wp-image-1438 size-full\" src=\"\/wp-content\/uploads\/2014\/07\/shirt_button.png\" alt=\"Spreadshop-dummy\" width=\"350\" height=\"auto\" \/><\/a><\/div>\n<div style=\"padding-top: 12px;\"><strong>Hier kannst du deine eigenen Design\u00b4s erstellen.<\/strong><\/div>\n<div style=\"padding-top: 12px;\">Klicke einfach auf den Banner &#8222;Designer starten&#8220; und du gelangst in unseren Konfigurator. Dort kannst du\u00a0 individuelle Kleidung und verschiedene Accessoires gestalten. Nat\u00fcrlich hast du auch die M\u00f6glichkeit eines unserer vordesignten Produkte unten auszuw\u00e4hlen. Diese Produkte kannst du entweder direkt bestellen oder auch noch nach deinen W\u00fcnschen anpassen und ver\u00e4ndern. Der Kaufproze\u00df wird dann direkt bei unserem Partner Spreadshirt abgeschlossen.<\/div>\n<div style=\"margin-top: 100px;\"><\/div>\n<p><center><\/center><\/p>\n<p><!---[spreadplugin]---><\/p>\n","protected":false},"excerpt":{"rendered":"<p>Hier kannst du deine eigenen Design\u00b4s erstellen. Klicke einfach auf den Banner &#8222;Designer starten&#8220; und du gelangst in unseren Konfigurator. Dort kannst du\u00a0 individuelle Kleidung und verschiedene Accessoires gestalten. Nat\u00fcrlich hast du auch die&#46;&#46;&#46;<\/p>\n","protected":false},"author":2,"featured_media":0,"parent":0,"menu_order":0,"comment_status":"open","ping_status":"open","template":"","meta":[],"_links":{"self":[{"href":"http:\/\/gambylzoone.com\/index.php?rest_route=\/wp\/v2\/pages\/14"}],"collection":[{"href":"http:\/\/gambylzoone.com\/index.php?rest_route=\/wp\/v2\/pages"}],"about":[{"href":"http:\/\/gambylzoone.com\/index.php?rest_route=\/wp\/v2\/types\/page"}],"author":[{"embeddable":true,"href":"http:\/\/gambylzoone.com\/index.php?rest_route=\/wp\/v2\/users\/2"}],"replies":[{"embeddable":true,"href":"http:\/\/gambylzoone.com\/index.php?rest_route=%2Fwp%2Fv2%2Fcomments&post=14"}],"version-history":[{"count":44,"href":"http:\/\/gambylzoone.com\/index.php?rest_route=\/wp\/v2\/pages\/14\/revisions"}],"predecessor-version":[{"id":4006,"href":"http:\/\/gambylzoone.com\/index.php?rest_route=\/wp\/v2\/pages\/14\/revisions\/4006"}],"wp:attachment":[{"href":"http:\/\/gambylzoone.com\/index.php?rest_route=%2Fwp%2Fv2%2Fmedia&parent=14"}],"curies":[{"name":"wp","href":"https:\/\/api.w.org\/{rel}","templated":true}]}}